{"id":16994,"date":"2022-02-10T08:06:42","date_gmt":"2022-02-10T08:06:42","guid":{"rendered":"https:\/\/caussa.de\/caussa-pro-informationen-fuer-einzelhaendler-architekten-und-medien\/"},"modified":"2022-02-10T08:06:44","modified_gmt":"2022-02-10T08:06:44","slug":"caussa-pro-informationen-fuer-einzelhaendler-architekten-und-medien","status":"publish","type":"page","link":"https:\/\/caussa.de\/de\/caussa-pro-informationen-fuer-einzelhaendler-architekten-und-medien\/","title":{"rendered":"Caussa | Pro | Informationen f\u00fcr Einzelh\u00e4ndler, Architekten und Medien"},"content":{"rendered":"\n\t<div id=\"gap-1691151233\" class=\"gap-element clearfix\" style=\"display:block; height:auto;\">\n\t\t\n<style>\n#gap-1691151233 {\n  padding-top: 40px;\n}\n@media (min-width:850px) {\n  #gap-1691151233 {\n    padding-top: 30px;\n  }\n}\n<\/style>\n\t<\/div>\n\t\n\n\n\t<section class=\"section\" id=\"section_77029414\">\n\t\t<div class=\"section-bg fill\" >\n\t\t\t\t\t\t\t\t\t\n\t\t\t\n\n\t\t<\/div>\n\n\t\t\n\n\t\t<div class=\"section-content relative\">\n\t\t\t\n\n<div class=\"row align-middle\"  id=\"row-1918524338\">\n\n\n\t<div id=\"col-993402654\" class=\"col small-12 large-12\"  >\n\t\t\t\t<div class=\"col-inner text-center\"  >\n\t\t\t\n\t\t\t\n\n\t<div id=\"text-4077827439\" class=\"text\">\n\t\t\n\n<h3 class=\"uppercase\" style=\"text-align: center;\">PROFESSIONALS<\/h3>\n\t\t\n<style>\n#text-4077827439 {\n  text-align: center;\n}\n<\/style>\n\t<\/div>\n\t\n\t<div id=\"gap-1166383382\" class=\"gap-element clearfix\" style=\"display:block; height:auto;\">\n\t\t\n<style>\n#gap-1166383382 {\n  padding-top: 40px;\n}\n@media (min-width:850px) {\n  #gap-1166383382 {\n    padding-top: 20px;\n  }\n}\n<\/style>\n\t<\/div>\n\t\n\n\t<div id=\"text-2450154033\" class=\"text\">\n\t\t\n\n<p>Willkommen auf unserer Website f\u00fcr Fachleute mit Zugang zu direkten Kontakten. Wir freuen uns, von Ihnen zu h\u00f6ren.<\/p>\n\t\t\n<style>\n#text-2450154033 {\n  font-size: 1.1rem;\n  line-height: 1.5;\n  text-align: center;\n}\n@media (min-width:850px) {\n  #text-2450154033 {\n    line-height: 1.75;\n  }\n}\n<\/style>\n\t<\/div>\n\t\n\n\t\t<\/div>\n\t\t\t\t\t<\/div>\n\n\t\n\n<\/div>\n\n\t\t<\/div>\n\n\t\t\n<style>\n#section_77029414 {\n  padding-top: 10px;\n  padding-bottom: 10px;\n}\n@media (min-width:850px) {\n  #section_77029414 {\n    padding-top: 58px;\n    padding-bottom: 58px;\n  }\n}\n<\/style>\n\t<\/section>\n\t\n\n\t<section class=\"section\" id=\"section_1638280668\">\n\t\t<div class=\"section-bg fill\" >\n\t\t\t\t\t\t\t\t\t\n\t\t\t\n\n\t\t<\/div>\n\n\t\t\n\n\t\t<div class=\"section-content relative\">\n\t\t\t\n\n<div class=\"row align-middle\"  id=\"row-2046918292\">\n\n\n\t<div id=\"col-1707017544\" class=\"col small-12 large-12\"  >\n\t\t\t\t<div class=\"col-inner\"  >\n\t\t\t\n\t\t\t\n\n\t<div id=\"gap-770530946\" class=\"gap-element clearfix\" style=\"display:block; height:auto;\">\n\t\t\n<style>\n#gap-770530946 {\n  padding-top: 30px;\n}\n<\/style>\n\t<\/div>\n\t\n\n<div class=\"row row-collapse\"  id=\"row-1600508331\">\n\n\n\t<div id=\"col-819814043\" class=\"col medium-6 small-12 large-6\"  >\n\t\t\t\t<div class=\"col-inner\"  >\n\t\t\t\n\t\t\t\n\n<div class=\"row row-collapse\"  id=\"row-1491564494\">\n\n\n\t<div id=\"col-254716249\" class=\"col small-12 large-12\"  >\n\t\t\t\t<div class=\"col-inner\"  >\n\t\t\t\n\t\t\t\n\n<h2 class=\"normal\" style=\"text-align: left;\">Innenarchitekten<\/h2>\n\t<div id=\"gap-1286071147\" class=\"gap-element clearfix\" style=\"display:block; height:auto;\">\n\t\t\n<style>\n#gap-1286071147 {\n  padding-top: 30px;\n}\n<\/style>\n\t<\/div>\n\t\n\n<p data-sln-id=\"atm_TextAndImageVariants_fiftyfifty_description\">Wir verkaufen nicht nur fertige M\u00f6bel und Accessoires \u00fcber unsere internationalen H\u00e4ndler, sondern bieten auf Wunsch unserer Kunden auch ma\u00dfgeschneiderte L\u00f6sungen f\u00fcr neue Einrichtungsprojekte.&nbsp;<\/p>\n\t<div id=\"gap-2004600766\" class=\"gap-element clearfix\" style=\"display:block; height:auto;\">\n\t\t\n<style>\n#gap-2004600766 {\n  padding-top: 30px;\n}\n<\/style>\n\t<\/div>\n\t\n\n<a href=\"https:\/\/caussa.de\/pro\/interior-architects\/\" class=\"button primary is-outline\"  >\n\t\t<span>Mehr erfahren<\/span>\n\t<\/a>\n\n\n\n\t\t<\/div>\n\t\t\t\t\t<\/div>\n\n\t\n\n\n<style>\n#row-1491564494 > .col > .col-inner {\n  padding: 80px 60px 80px 60px;\n}\n<\/style>\n<\/div>\n\n\t\t<\/div>\n\t\t\t\t\n<style>\n#col-819814043 > .col-inner {\n  padding: 0px 0px 0px 20px;\n}\n<\/style>\n\t<\/div>\n\n\t\n\n\t<div id=\"col-1820721249\" class=\"col medium-6 small-12 large-6 small-col-first\"  >\n\t\t\t\t<div class=\"col-inner\"  >\n\t\t\t\n\t\t\t\n\n\n  <div class=\"banner has-hover\" id=\"banner-91742130\">\n          <div class=\"banner-inner fill\">\n        <div class=\"banner-bg fill\" >\n            <img loading=\"lazy\" decoding=\"async\" width=\"1736\" height=\"941\" src=\"https:\/\/caussa.de\/wp-content\/uploads\/2021\/05\/HeroSlider24.jpg\" class=\"bg attachment-original size-original\" alt=\"\" \/>                                    \n                    <\/div>\n\t\t\n        <div class=\"banner-layers container\">\n            <div class=\"fill banner-link\"><\/div>            \n\n\n        <\/div>\n      <\/div>\n\n            \n<style>\n#banner-91742130 {\n  padding-top: 99.99%;\n}\n#banner-91742130 .banner-bg img {\n  object-position: 41% 56%;\n}\n<\/style>\n  <\/div>\n\n\n\n\t\t<\/div>\n\t\t\t\t\n<style>\n#col-1820721249 > .col-inner {\n  padding: 0px 0px 0px 0px;\n}\n@media (min-width:550px) {\n  #col-1820721249 > .col-inner {\n    padding: 0px 0px 0px 0px;\n  }\n}\n@media (min-width:850px) {\n  #col-1820721249 > .col-inner {\n    padding: 0px 20px 0px 0px;\n  }\n}\n<\/style>\n\t<\/div>\n\n\t\n\n<\/div>\n\n\t\t<\/div>\n\t\t\t\t\t<\/div>\n\n\t\n\n<\/div>\n<div class=\"row align-middle\"  id=\"row-234588305\">\n\n\n\t<div id=\"col-1638159945\" class=\"col small-12 large-12\"  >\n\t\t\t\t<div class=\"col-inner\"  >\n\t\t\t\n\t\t\t\n\n\t<div id=\"gap-163448068\" class=\"gap-element clearfix\" style=\"display:block; height:auto;\">\n\t\t\n<style>\n#gap-163448068 {\n  padding-top: 30px;\n}\n<\/style>\n\t<\/div>\n\t\n\n<div class=\"row row-collapse\"  id=\"row-1628561365\">\n\n\n\t<div id=\"col-1209974639\" class=\"col medium-6 small-12 large-6 small-col-first\"  >\n\t\t\t\t<div class=\"col-inner\"  >\n\t\t\t\n\t\t\t\n\n\n  <div class=\"banner has-hover\" id=\"banner-1214222222\">\n          <div class=\"banner-inner fill\">\n        <div class=\"banner-bg fill\" >\n            <img loading=\"lazy\" decoding=\"async\" width=\"1254\" height=\"890\" src=\"https:\/\/caussa.de\/wp-content\/uploads\/2021\/05\/Press.jpg\" class=\"bg attachment-original size-original\" alt=\"\" \/>                                    \n                    <\/div>\n\t\t\n        <div class=\"banner-layers container\">\n            <div class=\"fill banner-link\"><\/div>            \n\n\n        <\/div>\n      <\/div>\n\n            \n<style>\n#banner-1214222222 {\n  padding-top: 99.99%;\n}\n#banner-1214222222 .banner-bg img {\n  object-position: 41% 90%;\n}\n<\/style>\n  <\/div>\n\n\n\n\t\t<\/div>\n\t\t\t\t\n<style>\n#col-1209974639 > .col-inner {\n  padding: 0px 0 0px 0px;\n}\n@media (min-width:550px) {\n  #col-1209974639 > .col-inner {\n    padding: 0px 0px 0px 0px;\n  }\n}\n@media (min-width:850px) {\n  #col-1209974639 > .col-inner {\n    padding: 0px 20px 0px 0px;\n  }\n}\n<\/style>\n\t<\/div>\n\n\t\n\n\t<div id=\"col-747362203\" class=\"col medium-6 small-12 large-6\"  >\n\t\t\t\t<div class=\"col-inner\"  >\n\t\t\t\n\t\t\t\n\n<div class=\"row row-collapse\"  id=\"row-178318432\">\n\n\n\t<div id=\"col-674181824\" class=\"col small-12 large-12\"  >\n\t\t\t\t<div class=\"col-inner\"  >\n\t\t\t\n\t\t\t\n\n<h2 class=\"normal\" style=\"text-align: left;\">Presse<\/h2>\n\t<div id=\"gap-729542972\" class=\"gap-element clearfix\" style=\"display:block; height:auto;\">\n\t\t\n<style>\n#gap-729542972 {\n  padding-top: 30px;\n}\n<\/style>\n\t<\/div>\n\t\n\n<p data-sln-id=\"atm_TextAndImageVariants_fiftyfifty_description\">Bitte schreiben Sie uns, wenn Sie ein Journalist sind, der hochaufl\u00f6sende Produktbilder oder andere Informationen \u00fcber uns und unsere Partner ben\u00f6tigt.<\/p>\n\t<div id=\"gap-1432010982\" class=\"gap-element clearfix\" style=\"display:block; height:auto;\">\n\t\t\n<style>\n#gap-1432010982 {\n  padding-top: 30px;\n}\n<\/style>\n\t<\/div>\n\t\n\n<a href=\"https:\/\/caussa.de\/pro\/press\/\" class=\"button primary is-outline\"  >\n\t\t<span>Mehr erfahren<\/span>\n\t<\/a>\n\n\n\n\t\t<\/div>\n\t\t\t\t\t<\/div>\n\n\t\n\n\n<style>\n#row-178318432 > .col > .col-inner {\n  padding: 80px 60px 80px 60px;\n}\n<\/style>\n<\/div>\n\n\t\t<\/div>\n\t\t\t\t\n<style>\n#col-747362203 > .col-inner {\n  padding: 0px 0px 0px 20px;\n}\n<\/style>\n\t<\/div>\n\n\t\n\n<\/div>\n\n\t\t<\/div>\n\t\t\t\t\t<\/div>\n\n\t\n\n<\/div>\n<div class=\"row align-middle\"  id=\"row-1118292094\">\n\n\n\t<div id=\"col-1118277221\" class=\"col small-12 large-12\"  >\n\t\t\t\t<div class=\"col-inner\"  >\n\t\t\t\n\t\t\t\n\n\t<div id=\"gap-392834542\" class=\"gap-element clearfix\" style=\"display:block; height:auto;\">\n\t\t\n<style>\n#gap-392834542 {\n  padding-top: 30px;\n}\n<\/style>\n\t<\/div>\n\t\n\n<div class=\"row row-collapse\"  id=\"row-1632733550\">\n\n\n\t<div id=\"col-1497735943\" class=\"col medium-6 small-12 large-6\"  >\n\t\t\t\t<div class=\"col-inner\"  >\n\t\t\t\n\t\t\t\n\n<div class=\"row row-collapse\"  id=\"row-1070865136\">\n\n\n\t<div id=\"col-650857042\" class=\"col small-12 large-12\"  >\n\t\t\t\t<div class=\"col-inner\"  >\n\t\t\t\n\t\t\t\n\n<h2 class=\"normal\" style=\"text-align: left;\">Einzelh\u00e4ndler<\/h2>\n\t<div id=\"gap-1469226208\" class=\"gap-element clearfix\" style=\"display:block; height:auto;\">\n\t\t\n<style>\n#gap-1469226208 {\n  padding-top: 30px;\n}\n<\/style>\n\t<\/div>\n\t\n\n<p>Schlie\u00dfen Sie sich unserer Gruppe von internationalen H\u00e4ndlerpartnern an. Wir sind immer auf der Suche nach neuen Partnern, die uns helfen, die Caussa-Produkte in der Welt einzuf\u00fchren.<\/p>\n\t<div id=\"gap-1545132573\" class=\"gap-element clearfix\" style=\"display:block; height:auto;\">\n\t\t\n<style>\n#gap-1545132573 {\n  padding-top: 30px;\n}\n<\/style>\n\t<\/div>\n\t\n\n<a href=\"https:\/\/caussa.de\/pro\/become-a-dealer\/\" class=\"button primary is-outline\"  >\n\t\t<span>Mehr erfahren<\/span>\n\t<\/a>\n\n\n\n\t\t<\/div>\n\t\t\t\t\t<\/div>\n\n\t\n\n\n<style>\n#row-1070865136 > .col > .col-inner {\n  padding: 80px 60px 80px 60px;\n}\n<\/style>\n<\/div>\n\n\t\t<\/div>\n\t\t\t\t\n<style>\n#col-1497735943 > .col-inner {\n  padding: 0px 0px 0px 20px;\n}\n<\/style>\n\t<\/div>\n\n\t\n\n\t<div id=\"col-1565580669\" class=\"col medium-6 small-12 large-6 small-col-first\"  >\n\t\t\t\t<div class=\"col-inner\"  >\n\t\t\t\n\t\t\t\n\n\n  <div class=\"banner has-hover\" id=\"banner-400012413\">\n          <div class=\"banner-inner fill\">\n        <div class=\"banner-bg fill\" >\n            <img loading=\"lazy\" decoding=\"async\" width=\"1254\" height=\"890\" src=\"https:\/\/caussa.de\/wp-content\/uploads\/2021\/05\/CaussaStore2.jpg\" class=\"bg attachment-original size-original\" alt=\"\" \/>                                    \n                    <\/div>\n\t\t\n        <div class=\"banner-layers container\">\n            <div class=\"fill banner-link\"><\/div>            \n\n\n        <\/div>\n      <\/div>\n\n            \n<style>\n#banner-400012413 {\n  padding-top: 99.99%;\n}\n#banner-400012413 .banner-bg img {\n  object-position: 44% 57%;\n}\n<\/style>\n  <\/div>\n\n\n\n\t\t<\/div>\n\t\t\t\t\n<style>\n#col-1565580669 > .col-inner {\n  padding: 0px 0px 0px 0px;\n}\n@media (min-width:550px) {\n  #col-1565580669 > .col-inner {\n    padding: 0px 0px 0px 0px;\n  }\n}\n@media (min-width:850px) {\n  #col-1565580669 > .col-inner {\n    padding: 0px 20px 0px 0px;\n  }\n}\n<\/style>\n\t<\/div>\n\n\t\n\n<\/div>\n\n\t\t<\/div>\n\t\t\t\t\t<\/div>\n\n\t\n\n<\/div>\n\n\t\t<\/div>\n\n\t\t\n<style>\n#section_1638280668 {\n  padding-top: 10px;\n  padding-bottom: 10px;\n  background-color: rgb(247, 247, 247);\n}\n@media (min-width:850px) {\n  #section_1638280668 {\n    padding-top: 60px;\n    padding-bottom: 60px;\n  }\n}\n<\/style>\n\t<\/section>\n\t\n","protected":false},"excerpt":{"rendered":"","protected":false},"author":3,"featured_media":0,"parent":0,"menu_order":3,"comment_status":"closed","ping_status":"closed","template":"","meta":{"footnotes":""},"class_list":["post-16994","page","type-page","status-publish","hentry"],"yoast_head":"<!-- This site is optimized with the Yoast SEO Premium plugin v27.6 (Yoast SEO v27.6) - https:\/\/yoast.com\/product\/yoast-seo-premium-wordpress\/ -->\n<title>Caussa | Pro | Informationen f\u00fcr Einzelh\u00e4ndler, Architekten und Medien<\/title>\n<meta name=\"description\" content=\"Direkter Zugang zum B2B-Bereich von Caussa f\u00fcr Fachleute aus den Bereichen Architektur, Einzelhandel und Medien.\" \/>\n<meta name=\"robots\" content=\"index, follow, max-snippet:-1, max-image-preview:large, max-video-preview:-1\" \/>\n<link rel=\"canonical\" href=\"https:\/\/caussa.de\/de\/caussa-pro-informationen-fuer-einzelhaendler-architekten-und-medien\/\" \/>\n<meta property=\"og:locale\" content=\"de_DE\" \/>\n<meta property=\"og:type\" content=\"article\" \/>\n<meta property=\"og:title\" content=\"Caussa | Pro | Informationen f\u00fcr Einzelh\u00e4ndler, Architekten und Medien\" \/>\n<meta property=\"og:description\" content=\"Direkter Zugang zum B2B-Bereich von Caussa f\u00fcr Fachleute aus den Bereichen Architektur, Einzelhandel und Medien.\" \/>\n<meta property=\"og:url\" content=\"https:\/\/caussa.de\/de\/caussa-pro-informationen-fuer-einzelhaendler-architekten-und-medien\/\" \/>\n<meta property=\"og:site_name\" content=\"caussa\" \/>\n<meta property=\"article:publisher\" content=\"https:\/\/de-de.facebook.com\/pg\/caussa\/\" \/>\n<meta property=\"article:modified_time\" content=\"2022-02-10T08:06:44+00:00\" \/>\n<meta name=\"twitter:card\" content=\"summary_large_image\" \/>\n<meta name=\"twitter:label1\" content=\"Gesch\u00e4tzte Lesezeit\" \/>\n\t<meta name=\"twitter:data1\" content=\"2\u00a0Minuten\" \/>\n<script type=\"application\/ld+json\" class=\"yoast-schema-graph\">{\"@context\":\"https:\\\/\\\/schema.org\",\"@graph\":[{\"@type\":\"WebPage\",\"@id\":\"https:\\\/\\\/caussa.de\\\/de\\\/caussa-pro-informationen-fuer-einzelhaendler-architekten-und-medien\\\/\",\"url\":\"https:\\\/\\\/caussa.de\\\/de\\\/caussa-pro-informationen-fuer-einzelhaendler-architekten-und-medien\\\/\",\"name\":\"Caussa | Pro | Informationen f\u00fcr Einzelh\u00e4ndler, Architekten und Medien\",\"isPartOf\":{\"@id\":\"https:\\\/\\\/caussa.de\\\/de\\\/#website\"},\"datePublished\":\"2022-02-10T08:06:42+00:00\",\"dateModified\":\"2022-02-10T08:06:44+00:00\",\"description\":\"Direkter Zugang zum B2B-Bereich von Caussa f\u00fcr Fachleute aus den Bereichen Architektur, Einzelhandel und Medien.\",\"breadcrumb\":{\"@id\":\"https:\\\/\\\/caussa.de\\\/de\\\/caussa-pro-informationen-fuer-einzelhaendler-architekten-und-medien\\\/#breadcrumb\"},\"inLanguage\":\"de\",\"potentialAction\":[{\"@type\":\"ReadAction\",\"target\":[\"https:\\\/\\\/caussa.de\\\/de\\\/caussa-pro-informationen-fuer-einzelhaendler-architekten-und-medien\\\/\"]}]},{\"@type\":\"BreadcrumbList\",\"@id\":\"https:\\\/\\\/caussa.de\\\/de\\\/caussa-pro-informationen-fuer-einzelhaendler-architekten-und-medien\\\/#breadcrumb\",\"itemListElement\":[{\"@type\":\"ListItem\",\"position\":1,\"name\":\"Startseite\",\"item\":\"https:\\\/\\\/caussa.de\\\/de\\\/\"},{\"@type\":\"ListItem\",\"position\":2,\"name\":\"Caussa | Pro | Informationen f\u00fcr Einzelh\u00e4ndler, Architekten und Medien\"}]},{\"@type\":\"WebSite\",\"@id\":\"https:\\\/\\\/caussa.de\\\/de\\\/#website\",\"url\":\"https:\\\/\\\/caussa.de\\\/de\\\/\",\"name\":\"caussa\",\"description\":\"Eine andere WordPress-Site.\",\"publisher\":{\"@id\":\"https:\\\/\\\/caussa.de\\\/de\\\/#organization\"},\"potentialAction\":[{\"@type\":\"SearchAction\",\"target\":{\"@type\":\"EntryPoint\",\"urlTemplate\":\"https:\\\/\\\/caussa.de\\\/de\\\/?s={search_term_string}\"},\"query-input\":{\"@type\":\"PropertyValueSpecification\",\"valueRequired\":true,\"valueName\":\"search_term_string\"}}],\"inLanguage\":\"de\"},{\"@type\":\"Organization\",\"@id\":\"https:\\\/\\\/caussa.de\\\/de\\\/#organization\",\"name\":\"caussa\",\"url\":\"https:\\\/\\\/caussa.de\\\/de\\\/\",\"logo\":{\"@type\":\"ImageObject\",\"inLanguage\":\"de\",\"@id\":\"https:\\\/\\\/caussa.de\\\/de\\\/#\\\/schema\\\/logo\\\/image\\\/\",\"url\":\"https:\\\/\\\/caussa.de\\\/wp-content\\\/uploads\\\/2021\\\/05\\\/CaussaLogo2021B.png\",\"contentUrl\":\"https:\\\/\\\/caussa.de\\\/wp-content\\\/uploads\\\/2021\\\/05\\\/CaussaLogo2021B.png\",\"width\":800,\"height\":274,\"caption\":\"caussa\"},\"image\":{\"@id\":\"https:\\\/\\\/caussa.de\\\/de\\\/#\\\/schema\\\/logo\\\/image\\\/\"},\"sameAs\":[\"https:\\\/\\\/de-de.facebook.com\\\/pg\\\/caussa\\\/\",\"https:\\\/\\\/www.instagram.com\\\/caussadesign\\\/\",\"https:\\\/\\\/www.linkedin.com\\\/company\\\/caussa\\\/\",\"https:\\\/\\\/www.pinterest.de\\\/caussafurniture\\\/\"]}]}<\/script>\n<!-- \/ Yoast SEO Premium plugin. -->","yoast_head_json":{"title":"Caussa | Pro | Informationen f\u00fcr Einzelh\u00e4ndler, Architekten und Medien","description":"Direkter Zugang zum B2B-Bereich von Caussa f\u00fcr Fachleute aus den Bereichen Architektur, Einzelhandel und Medien.","robots":{"index":"index","follow":"follow","max-snippet":"max-snippet:-1","max-image-preview":"max-image-preview:large","max-video-preview":"max-video-preview:-1"},"canonical":"https:\/\/caussa.de\/de\/caussa-pro-informationen-fuer-einzelhaendler-architekten-und-medien\/","og_locale":"de_DE","og_type":"article","og_title":"Caussa | Pro | Informationen f\u00fcr Einzelh\u00e4ndler, Architekten und Medien","og_description":"Direkter Zugang zum B2B-Bereich von Caussa f\u00fcr Fachleute aus den Bereichen Architektur, Einzelhandel und Medien.","og_url":"https:\/\/caussa.de\/de\/caussa-pro-informationen-fuer-einzelhaendler-architekten-und-medien\/","og_site_name":"caussa","article_publisher":"https:\/\/de-de.facebook.com\/pg\/caussa\/","article_modified_time":"2022-02-10T08:06:44+00:00","twitter_card":"summary_large_image","twitter_misc":{"Gesch\u00e4tzte Lesezeit":"2\u00a0Minuten"},"schema":{"@context":"https:\/\/schema.org","@graph":[{"@type":"WebPage","@id":"https:\/\/caussa.de\/de\/caussa-pro-informationen-fuer-einzelhaendler-architekten-und-medien\/","url":"https:\/\/caussa.de\/de\/caussa-pro-informationen-fuer-einzelhaendler-architekten-und-medien\/","name":"Caussa | Pro | Informationen f\u00fcr Einzelh\u00e4ndler, Architekten und Medien","isPartOf":{"@id":"https:\/\/caussa.de\/de\/#website"},"datePublished":"2022-02-10T08:06:42+00:00","dateModified":"2022-02-10T08:06:44+00:00","description":"Direkter Zugang zum B2B-Bereich von Caussa f\u00fcr Fachleute aus den Bereichen Architektur, Einzelhandel und Medien.","breadcrumb":{"@id":"https:\/\/caussa.de\/de\/caussa-pro-informationen-fuer-einzelhaendler-architekten-und-medien\/#breadcrumb"},"inLanguage":"de","potentialAction":[{"@type":"ReadAction","target":["https:\/\/caussa.de\/de\/caussa-pro-informationen-fuer-einzelhaendler-architekten-und-medien\/"]}]},{"@type":"BreadcrumbList","@id":"https:\/\/caussa.de\/de\/caussa-pro-informationen-fuer-einzelhaendler-architekten-und-medien\/#breadcrumb","itemListElement":[{"@type":"ListItem","position":1,"name":"Startseite","item":"https:\/\/caussa.de\/de\/"},{"@type":"ListItem","position":2,"name":"Caussa | Pro | Informationen f\u00fcr Einzelh\u00e4ndler, Architekten und Medien"}]},{"@type":"WebSite","@id":"https:\/\/caussa.de\/de\/#website","url":"https:\/\/caussa.de\/de\/","name":"caussa","description":"Eine andere WordPress-Site.","publisher":{"@id":"https:\/\/caussa.de\/de\/#organization"},"potentialAction":[{"@type":"SearchAction","target":{"@type":"EntryPoint","urlTemplate":"https:\/\/caussa.de\/de\/?s={search_term_string}"},"query-input":{"@type":"PropertyValueSpecification","valueRequired":true,"valueName":"search_term_string"}}],"inLanguage":"de"},{"@type":"Organization","@id":"https:\/\/caussa.de\/de\/#organization","name":"caussa","url":"https:\/\/caussa.de\/de\/","logo":{"@type":"ImageObject","inLanguage":"de","@id":"https:\/\/caussa.de\/de\/#\/schema\/logo\/image\/","url":"https:\/\/caussa.de\/wp-content\/uploads\/2021\/05\/CaussaLogo2021B.png","contentUrl":"https:\/\/caussa.de\/wp-content\/uploads\/2021\/05\/CaussaLogo2021B.png","width":800,"height":274,"caption":"caussa"},"image":{"@id":"https:\/\/caussa.de\/de\/#\/schema\/logo\/image\/"},"sameAs":["https:\/\/de-de.facebook.com\/pg\/caussa\/","https:\/\/www.instagram.com\/caussadesign\/","https:\/\/www.linkedin.com\/company\/caussa\/","https:\/\/www.pinterest.de\/caussafurniture\/"]}]}},"jetpack_sharing_enabled":true,"_links":{"self":[{"href":"https:\/\/caussa.de\/de\/wp-json\/wp\/v2\/pages\/16994","targetHints":{"allow":["GET"]}}],"collection":[{"href":"https:\/\/caussa.de\/de\/wp-json\/wp\/v2\/pages"}],"about":[{"href":"https:\/\/caussa.de\/de\/wp-json\/wp\/v2\/types\/page"}],"author":[{"embeddable":true,"href":"https:\/\/caussa.de\/de\/wp-json\/wp\/v2\/users\/3"}],"replies":[{"embeddable":true,"href":"https:\/\/caussa.de\/de\/wp-json\/wp\/v2\/comments?post=16994"}],"version-history":[{"count":2,"href":"https:\/\/caussa.de\/de\/wp-json\/wp\/v2\/pages\/16994\/revisions"}],"predecessor-version":[{"id":17001,"href":"https:\/\/caussa.de\/de\/wp-json\/wp\/v2\/pages\/16994\/revisions\/17001"}],"wp:attachment":[{"href":"https:\/\/caussa.de\/de\/wp-json\/wp\/v2\/media?parent=16994"}],"curies":[{"name":"wp","href":"https:\/\/api.w.org\/{rel}","templated":true}]}}