{"id":17427,"date":"2022-02-14T18:43:22","date_gmt":"2022-02-14T18:43:22","guid":{"rendered":"https:\/\/caussa.de\/entdecken-sie\/designer\/aurelien-barbry\/"},"modified":"2022-02-14T18:43:36","modified_gmt":"2022-02-14T18:43:36","slug":"aurelien-barbry","status":"publish","type":"page","link":"https:\/\/caussa.de\/de\/entdecken-sie\/designer\/aurelien-barbry\/","title":{"rendered":"Aurelien Barbry"},"content":{"rendered":"\n\n\t<section class=\"section\" id=\"section_1165898172\">\n\t\t<div class=\"section-bg fill\" >\n\t\t\t\t\t\t\t\t\t\n\t\t\t\n\n\t\t<\/div>\n\n\t\t\n\n\t\t<div class=\"section-content relative\">\n\t\t\t\n\n\t<div id=\"gap-406511560\" class=\"gap-element clearfix\" style=\"display:block; height:auto;\">\n\t\t\n<style>\n#gap-406511560 {\n  padding-top: 5px;\n}\n@media (min-width:550px) {\n  #gap-406511560 {\n    padding-top: 10px;\n  }\n}\n@media (min-width:850px) {\n  #gap-406511560 {\n    padding-top: 30px;\n  }\n}\n<\/style>\n\t<\/div>\n\t\n\n\t<div id=\"text-1814604358\" class=\"text\">\n\t\t\n\n<h3 class=\"uppercase\" style=\"text-align: center;\">Aur\u00e9lien Barbry<\/h3>\n\t\t\n<style>\n#text-1814604358 {\n  text-align: center;\n}\n<\/style>\n\t<\/div>\n\t\n\t<div id=\"gap-928913720\" class=\"gap-element clearfix\" style=\"display:block; height:auto;\">\n\t\t\n<style>\n#gap-928913720 {\n  padding-top: 5px;\n}\n@media (min-width:550px) {\n  #gap-928913720 {\n    padding-top: 10px;\n  }\n}\n<\/style>\n\t<\/div>\n\t\n\n\n\t\t<\/div>\n\n\t\t\n<style>\n#section_1165898172 {\n  padding-top: 30px;\n  padding-bottom: 30px;\n}\n<\/style>\n\t<\/section>\n\t\n\n\t<section class=\"section\" id=\"section_104428448\">\n\t\t<div class=\"section-bg fill\" >\n\t\t\t\t\t\t\t\t\t\n\t\t\t\n\n\t\t<\/div>\n\n\t\t\n\n\t\t<div class=\"section-content relative\">\n\t\t\t\n\n<div class=\"row align-middle\"  id=\"row-1118234840\">\n\n\n\t<div id=\"col-1564213643\" class=\"col medium-12 small-12 large-12\"  >\n\t\t\t\t<div class=\"col-inner\"  >\n\t\t\t\n\t\t\t\n\n\t<div id=\"gap-1512539059\" class=\"gap-element clearfix\" style=\"display:block; height:auto;\">\n\t\t\n<style>\n#gap-1512539059 {\n  padding-top: 30px;\n}\n<\/style>\n\t<\/div>\n\t\n\n<div class=\"row row-collapse\"  id=\"row-1671292439\">\n\n\n\t<div id=\"col-212550890\" class=\"col medium-12 small-12 large-6 small-col-first\"  >\n\t\t\t\t<div class=\"col-inner text-left\"  >\n\t\t\t\n\t\t\t\n\n\n  <div class=\"banner has-hover\" id=\"banner-1481302586\">\n          <div class=\"banner-inner fill\">\n        <div class=\"banner-bg fill\" >\n            <img loading=\"lazy\" decoding=\"async\" width=\"1000\" height=\"786\" src=\"https:\/\/caussa.de\/wp-content\/uploads\/2021\/04\/Aurelien-Portrait-Caussa-bw.jpg\" class=\"bg attachment-original size-original\" alt=\"\" \/>                                    \n                    <\/div>\n\t\t\n        <div class=\"banner-layers container\">\n            <div class=\"fill banner-link\"><\/div>            \n\n\n        <\/div>\n      <\/div>\n\n              <div class=\"height-fix is-invisible\"><img loading=\"lazy\" decoding=\"async\" width=\"1000\" height=\"786\" src=\"https:\/\/caussa.de\/wp-content\/uploads\/2021\/04\/Aurelien-Portrait-Caussa-bw.jpg\" class=\"attachment-original size-original\" alt=\"\" srcset=\"https:\/\/caussa.de\/wp-content\/uploads\/2021\/04\/Aurelien-Portrait-Caussa-bw.jpg 1000w, https:\/\/caussa.de\/wp-content\/uploads\/2021\/04\/Aurelien-Portrait-Caussa-bw-509x400.jpg 509w, https:\/\/caussa.de\/wp-content\/uploads\/2021\/04\/Aurelien-Portrait-Caussa-bw-768x604.jpg 768w, https:\/\/caussa.de\/wp-content\/uploads\/2021\/04\/Aurelien-Portrait-Caussa-bw-300x236.jpg 300w, https:\/\/caussa.de\/wp-content\/uploads\/2021\/04\/Aurelien-Portrait-Caussa-bw-600x472.jpg 600w\" sizes=\"auto, (max-width: 1000px) 100vw, 1000px\" \/><\/div>\n            \n<style>\n#banner-1481302586 .banner-bg img {\n  object-position: 38% 51%;\n}\n<\/style>\n  <\/div>\n\n\n\n\t\t<\/div>\n\t\t\t\t\n<style>\n#col-212550890 > .col-inner {\n  padding: 0px 0px 0px 0px;\n}\n@media (min-width:550px) {\n  #col-212550890 > .col-inner {\n    padding: 0px 0px 0px 0px;\n  }\n}\n<\/style>\n\t<\/div>\n\n\t\n\n\t<div id=\"col-2015777387\" class=\"col medium-12 small-12 large-6\"  >\n\t\t\t\t<div class=\"col-inner\"  >\n\t\t\t\n\t\t\t\n\n<div class=\"row row-collapse\"  id=\"row-852641097\">\n\n\n\t<div id=\"col-824671299\" class=\"col medium-12 small-12 large-12\"  >\n\t\t\t\t<div class=\"col-inner text-left\"  >\n\t\t\t\n\t\t\t\n\n<div class=\"\">Der franz\u00f6sische Industriedesigner wurde 1969 in Paris geboren und lebt und arbeitet in Kopenhagen und New York.<\/div>\n<div class=\"\">Nach seinem Abschluss an der Camondo School in Paris im Jahr 1997 mit einem Master in Industrie- und Innendesign arbeitete er von 1997 bis 2006 als Projektleiter f\u00fcr den Pritzker-Preistr\u00e4ger Jean Nouvel. Das Studio Aurelien Barbry wurde 2007 in Paris und 2008 in Kopenhagen gegr\u00fcndet.<\/div>\n<div class=\"\">Seine Arbeit umfasst zahlreiche Kooperationen mit bekannten internationalen skandinavischen Marken in den Bereichen Industrieprodukte, M\u00f6bel und Beleuchtung sowie Innenarchitekturprojekte in Hongkong und Kopenhagen.<\/div>\n<div> <\/div>\n<div class=\"\">&#8222;Meine Designphilosophie ist es, Objekte in Richtung Einfachheit und Offensichtlichkeit zu bewegen, um einen Dialog mit dem Endverbraucher herzustellen und Typologien neu zu interpretieren&#8220;.<\/div>\n<div> <\/div>\n<div><a href=\"https:\/\/aurelienbarbrystudio.com\/\">www.aurelienbarbrystudio.com<\/a><\/div>\n<div> <\/div>\n\n\t\t<\/div>\n\t\t\t\t\t<\/div>\n\n\t\n\n\n<style>\n#row-852641097 > .col > .col-inner {\n  padding: 50px 20px 20px 20px;\n}\n@media (min-width:550px) {\n  #row-852641097 > .col > .col-inner {\n    padding: 50px 40px 20px 40px;\n  }\n}\n@media (min-width:850px) {\n  #row-852641097 > .col > .col-inner {\n    padding: 10px 40px 20px 40px;\n  }\n}\n<\/style>\n<\/div>\n\n\t\t<\/div>\n\t\t\t\t\n<style>\n#col-2015777387 > .col-inner {\n  padding: 0px 0px 0px 0px;\n}\n@media (min-width:550px) {\n  #col-2015777387 > .col-inner {\n    padding: 0px 0px 0px 20px;\n  }\n}\n<\/style>\n\t<\/div>\n\n\t\n\n<\/div>\n\n\t\t<\/div>\n\t\t\t\t\t<\/div>\n\n\t\n\n<\/div>\n\n\t\t<\/div>\n\n\t\t\n<style>\n#section_104428448 {\n  padding-top: 10px;\n  padding-bottom: 10px;\n  background-color: rgb(247, 247, 247);\n}\n@media (min-width:850px) {\n  #section_104428448 {\n    padding-top: 60px;\n    padding-bottom: 60px;\n  }\n}\n<\/style>\n\t<\/section>\n\t\n\t<div id=\"gap-1194334729\" class=\"gap-element clearfix\" style=\"display:block; height:auto;\">\n\t\t\n<style>\n#gap-1194334729 {\n  padding-top: 40px;\n}\n<\/style>\n\t<\/div>\n\t\n\n\t\n  \n    <div class=\"row large-columns-4 medium-columns-3 small-columns-2 row-small slider row-slider slider-nav-reveal slider-nav-push\"  data-flickity-options='{&quot;imagesLoaded&quot;: true, &quot;groupCells&quot;: &quot;100%&quot;, &quot;dragThreshold&quot; : 5, &quot;cellAlign&quot;: &quot;left&quot;,&quot;wrapAround&quot;: true,&quot;prevNextButtons&quot;: true,&quot;percentPosition&quot;: true,&quot;pageDots&quot;: false, &quot;rightToLeft&quot;: false, &quot;autoPlay&quot; : false}' >\n\n  \n\t     <div class=\"product-small col has-hover product type-product post-15567 status-publish first instock product_cat-accessoires-de product_cat-brik-de product_cat-kerzenlicht product_cat-neu product_cat-uncategorized-de product_tag-aurelien-barbry-de has-post-thumbnail taxable shipping-taxable purchasable product-type-simple\">\n\t<div class=\"col-inner\">\n\t\n<div class=\"badge-container absolute left top z-1\">\n\n<\/div>\n\t<div class=\"product-small box \">\n\t\t<div class=\"box-image\">\n\t\t\t<div class=\"image-fade-out\">\n\t\t\t\t<a href=\"https:\/\/caussa.de\/de\/produkt\/brik-gold\/\" aria-label=\"Brik 24K Gold\">\n\t\t\t\t\t<img loading=\"lazy\" decoding=\"async\" width=\"300\" height=\"213\" src=\"https:\/\/caussa.de\/wp-content\/uploads\/2021\/12\/Brik_Gold_Caussa_Barbry_01-1-300x213.jpg\" class=\"attachment-woocommerce_thumbnail size-woocommerce_thumbnail\" alt=\"Brik 24K Gold\" srcset=\"https:\/\/caussa.de\/wp-content\/uploads\/2021\/12\/Brik_Gold_Caussa_Barbry_01-1-300x213.jpg 300w, https:\/\/caussa.de\/wp-content\/uploads\/2021\/12\/Brik_Gold_Caussa_Barbry_01-1-563x400.jpg 563w, https:\/\/caussa.de\/wp-content\/uploads\/2021\/12\/Brik_Gold_Caussa_Barbry_01-1-1200x852.jpg 1200w, https:\/\/caussa.de\/wp-content\/uploads\/2021\/12\/Brik_Gold_Caussa_Barbry_01-1-768x546.jpg 768w, https:\/\/caussa.de\/wp-content\/uploads\/2021\/12\/Brik_Gold_Caussa_Barbry_01-1-600x426.jpg 600w, https:\/\/caussa.de\/wp-content\/uploads\/2021\/12\/Brik_Gold_Caussa_Barbry_01-1.jpg 1254w\" sizes=\"auto, (max-width: 300px) 100vw, 300px\" data-xooWscFly=\"fly\" \/>\t\t\t\t<\/a>\n\t\t\t<\/div>\n\t\t\t<div class=\"image-tools is-small top right show-on-hover\">\n\t\t\t\t\t\t<div class=\"wishlist-icon\">\n\t\t\t<button class=\"wishlist-button button is-outline circle icon\" aria-label=\"Wunschliste\">\n\t\t\t\t<i class=\"icon-heart\" ><\/i>\t\t\t<\/button>\n\t\t\t<div class=\"wishlist-popup dark\">\n\t\t\t\t\n<div\n\tclass=\"yith-wcwl-add-to-wishlist add-to-wishlist-15567 yith-wcwl-add-to-wishlist--link-style wishlist-fragment on-first-load\"\n\tdata-fragment-ref=\"15567\"\n\tdata-fragment-options=\"{&quot;base_url&quot;:&quot;&quot;,&quot;product_id&quot;:15567,&quot;parent_product_id&quot;:0,&quot;product_type&quot;:&quot;simple&quot;,&quot;is_single&quot;:false,&quot;in_default_wishlist&quot;:false,&quot;show_view&quot;:false,&quot;browse_wishlist_text&quot;:&quot;Browse wishlist&quot;,&quot;already_in_wishslist_text&quot;:&quot;The product is already in your wishlist!&quot;,&quot;product_added_text&quot;:&quot;Artikel hinzugef\\u00fcgt!&quot;,&quot;available_multi_wishlist&quot;:false,&quot;disable_wishlist&quot;:false,&quot;show_count&quot;:false,&quot;ajax_loading&quot;:false,&quot;loop_position&quot;:&quot;after_add_to_cart&quot;,&quot;item&quot;:&quot;add_to_wishlist&quot;}\"\n>\n\t\t\t\n\t\t\t<!-- ADD TO WISHLIST -->\n\t\t\t\n<div class=\"yith-wcwl-add-button\">\n\t\t<a\n\t\thref=\"?add_to_wishlist=15567&#038;_wpnonce=8bd262a481\"\n\t\tclass=\"add_to_wishlist single_add_to_wishlist\"\n\t\tdata-product-id=\"15567\"\n\t\tdata-product-type=\"simple\"\n\t\tdata-original-product-id=\"0\"\n\t\tdata-title=\"Add to wishlist\"\n\t\trel=\"nofollow\"\n\t>\n\t\t<svg id=\"yith-wcwl-icon-heart-outline\" class=\"yith-wcwl-icon-svg\" fill=\"none\" stroke-width=\"1.5\" stroke=\"currentColor\" viewBox=\"0 0 24 24\" xmlns=\"http:\/\/www.w3.org\/2000\/svg\">\n  <path stroke-linecap=\"round\" stroke-linejoin=\"round\" d=\"M21 8.25c0-2.485-2.099-4.5-4.688-4.5-1.935 0-3.597 1.126-4.312 2.733-.715-1.607-2.377-2.733-4.313-2.733C5.1 3.75 3 5.765 3 8.25c0 7.22 9 12 9 12s9-4.78 9-12Z\"><\/path>\n<\/svg>\t\t<span>Add to wishlist<\/span>\n\t<\/a>\n<\/div>\n\n\t\t\t<!-- COUNT TEXT -->\n\t\t\t\n\t\t\t<\/div>\n\t\t\t<\/div>\n\t\t<\/div>\n\t\t\t\t\t<\/div>\n\t\t\t<div class=\"image-tools is-small hide-for-small bottom left show-on-hover\">\n\t\t\t\t\t\t\t<\/div>\n\t\t\t<div class=\"image-tools grid-tools text-center hide-for-small bottom hover-slide-in show-on-hover\">\n\t\t\t\t<a href=\"\/de\/wp-json\/wp\/v2\/pages\/17427?add-to-cart=15567\" aria-describedby=\"woocommerce_loop_add_to_cart_link_describedby_15567\" data-quantity=\"1\" class=\"add-to-cart-grid no-padding is-transparent product_type_simple add_to_cart_button ajax_add_to_cart\" data-product_id=\"15567\" data-product_sku=\"CA-010132\" aria-label=\"In den Warenkorb legen: \u201eBrik 24K Gold\u201c\" rel=\"nofollow\" data-success_message=\"\u201eBrik 24K Gold\u201c wurde deinem Warenkorb hinzugef\u00fcgt\" role=\"button\"><div class=\"cart-icon tooltip is-small\" title=\"In den Warenkorb\"><strong>+<\/strong><\/div><\/a>\t<span id=\"woocommerce_loop_add_to_cart_link_describedby_15567\" class=\"screen-reader-text\">\n\t\t\t<\/span>\n\t\t\t<\/div>\n\t\t\t\t\t<\/div>\n\n\t\t<div class=\"box-text box-text-products text-center grid-style-2\">\n\t\t\t<div class=\"title-wrapper\"><p class=\"name product-title woocommerce-loop-product__title\"><a href=\"https:\/\/caussa.de\/de\/produkt\/brik-gold\/\" class=\"woocommerce-LoopProduct-link woocommerce-loop-product__link\">Brik 24K Gold<\/a><\/p><\/div><div class=\"price-wrapper\">\n\t<span class=\"price\"><small><\/small><span class=\"woocommerce-Price-amount amount\"><bdi><span class=\"woocommerce-Price-currencySymbol\">&euro;<\/span>449,00<\/bdi><\/span><\/span>\n<span data-content_category=\"Uncategorized\"><\/span><\/div>\t\t<\/div>\n\t<\/div>\n\t\t<\/div>\n<\/div><\/div>\n\n\n","protected":false},"excerpt":{"rendered":"","protected":false},"author":3,"featured_media":0,"parent":17412,"menu_order":0,"comment_status":"closed","ping_status":"closed","template":"","meta":{"footnotes":""},"class_list":["post-17427","page","type-page","status-publish","hentry"],"yoast_head":"<!-- This site is optimized with the Yoast SEO Premium plugin v27.6 (Yoast SEO v27.6) - https:\/\/yoast.com\/product\/yoast-seo-premium-wordpress\/ -->\n<title>Aurelien Barbry<\/title>\n<meta name=\"robots\" content=\"index, follow, max-snippet:-1, max-image-preview:large, max-video-preview:-1\" \/>\n<link rel=\"canonical\" href=\"https:\/\/caussa.de\/de\/entdecken-sie\/designer\/aurelien-barbry\/\" \/>\n<meta property=\"og:locale\" content=\"de_DE\" \/>\n<meta property=\"og:type\" content=\"article\" \/>\n<meta property=\"og:title\" content=\"Aurelien Barbry\" \/>\n<meta property=\"og:url\" content=\"https:\/\/caussa.de\/de\/entdecken-sie\/designer\/aurelien-barbry\/\" \/>\n<meta property=\"og:site_name\" content=\"caussa\" \/>\n<meta property=\"article:publisher\" content=\"https:\/\/de-de.facebook.com\/pg\/caussa\/\" \/>\n<meta property=\"article:modified_time\" content=\"2022-02-14T18:43:36+00:00\" \/>\n<meta name=\"twitter:card\" content=\"summary_large_image\" \/>\n<meta name=\"twitter:label1\" content=\"Gesch\u00e4tzte Lesezeit\" \/>\n\t<meta name=\"twitter:data1\" content=\"1\u00a0Minute\" \/>\n<script type=\"application\/ld+json\" class=\"yoast-schema-graph\">{\"@context\":\"https:\\\/\\\/schema.org\",\"@graph\":[{\"@type\":\"WebPage\",\"@id\":\"https:\\\/\\\/caussa.de\\\/de\\\/entdecken-sie\\\/designer\\\/aurelien-barbry\\\/\",\"url\":\"https:\\\/\\\/caussa.de\\\/de\\\/entdecken-sie\\\/designer\\\/aurelien-barbry\\\/\",\"name\":\"Aurelien Barbry\",\"isPartOf\":{\"@id\":\"https:\\\/\\\/caussa.de\\\/de\\\/#website\"},\"datePublished\":\"2022-02-14T18:43:22+00:00\",\"dateModified\":\"2022-02-14T18:43:36+00:00\",\"breadcrumb\":{\"@id\":\"https:\\\/\\\/caussa.de\\\/de\\\/entdecken-sie\\\/designer\\\/aurelien-barbry\\\/#breadcrumb\"},\"inLanguage\":\"de\",\"potentialAction\":[{\"@type\":\"ReadAction\",\"target\":[\"https:\\\/\\\/caussa.de\\\/de\\\/entdecken-sie\\\/designer\\\/aurelien-barbry\\\/\"]}]},{\"@type\":\"BreadcrumbList\",\"@id\":\"https:\\\/\\\/caussa.de\\\/de\\\/entdecken-sie\\\/designer\\\/aurelien-barbry\\\/#breadcrumb\",\"itemListElement\":[{\"@type\":\"ListItem\",\"position\":1,\"name\":\"Startseite\",\"item\":\"https:\\\/\\\/caussa.de\\\/de\\\/\"},{\"@type\":\"ListItem\",\"position\":2,\"name\":\"Entdecken\",\"item\":\"https:\\\/\\\/caussa.de\\\/de\\\/entdecken-sie\\\/\"},{\"@type\":\"ListItem\",\"position\":3,\"name\":\"Designer\",\"item\":\"https:\\\/\\\/caussa.de\\\/de\\\/entdecken-sie\\\/designer\\\/\"},{\"@type\":\"ListItem\",\"position\":4,\"name\":\"Aurelien Barbry\"}]},{\"@type\":\"WebSite\",\"@id\":\"https:\\\/\\\/caussa.de\\\/de\\\/#website\",\"url\":\"https:\\\/\\\/caussa.de\\\/de\\\/\",\"name\":\"caussa\",\"description\":\"Eine andere WordPress-Site.\",\"publisher\":{\"@id\":\"https:\\\/\\\/caussa.de\\\/de\\\/#organization\"},\"potentialAction\":[{\"@type\":\"SearchAction\",\"target\":{\"@type\":\"EntryPoint\",\"urlTemplate\":\"https:\\\/\\\/caussa.de\\\/de\\\/?s={search_term_string}\"},\"query-input\":{\"@type\":\"PropertyValueSpecification\",\"valueRequired\":true,\"valueName\":\"search_term_string\"}}],\"inLanguage\":\"de\"},{\"@type\":\"Organization\",\"@id\":\"https:\\\/\\\/caussa.de\\\/de\\\/#organization\",\"name\":\"caussa\",\"url\":\"https:\\\/\\\/caussa.de\\\/de\\\/\",\"logo\":{\"@type\":\"ImageObject\",\"inLanguage\":\"de\",\"@id\":\"https:\\\/\\\/caussa.de\\\/de\\\/#\\\/schema\\\/logo\\\/image\\\/\",\"url\":\"https:\\\/\\\/caussa.de\\\/wp-content\\\/uploads\\\/2021\\\/05\\\/CaussaLogo2021B.png\",\"contentUrl\":\"https:\\\/\\\/caussa.de\\\/wp-content\\\/uploads\\\/2021\\\/05\\\/CaussaLogo2021B.png\",\"width\":800,\"height\":274,\"caption\":\"caussa\"},\"image\":{\"@id\":\"https:\\\/\\\/caussa.de\\\/de\\\/#\\\/schema\\\/logo\\\/image\\\/\"},\"sameAs\":[\"https:\\\/\\\/de-de.facebook.com\\\/pg\\\/caussa\\\/\",\"https:\\\/\\\/www.instagram.com\\\/caussadesign\\\/\",\"https:\\\/\\\/www.linkedin.com\\\/company\\\/caussa\\\/\",\"https:\\\/\\\/www.pinterest.de\\\/caussafurniture\\\/\"]}]}<\/script>\n<meta property=\"product:price:amount\" content=\"449.00\" \/>\n<meta property=\"product:price:currency\" content=\"EUR\" \/>\n<meta property=\"og:availability\" content=\"instock\" \/>\n<meta property=\"product:availability\" content=\"instock\" \/>\n<meta property=\"product:retailer_item_id\" content=\"CA-010132\" \/>\n<meta property=\"product:condition\" content=\"new\" \/>\n<!-- \/ Yoast SEO Premium plugin. -->","yoast_head_json":{"title":"Aurelien Barbry","robots":{"index":"index","follow":"follow","max-snippet":"max-snippet:-1","max-image-preview":"max-image-preview:large","max-video-preview":"max-video-preview:-1"},"canonical":"https:\/\/caussa.de\/de\/entdecken-sie\/designer\/aurelien-barbry\/","og_locale":"de_DE","og_type":"article","og_title":"Aurelien Barbry","og_url":"https:\/\/caussa.de\/de\/entdecken-sie\/designer\/aurelien-barbry\/","og_site_name":"caussa","article_publisher":"https:\/\/de-de.facebook.com\/pg\/caussa\/","article_modified_time":"2022-02-14T18:43:36+00:00","twitter_card":"summary_large_image","twitter_misc":{"Gesch\u00e4tzte Lesezeit":"1\u00a0Minute"},"schema":{"@context":"https:\/\/schema.org","@graph":[{"@type":"WebPage","@id":"https:\/\/caussa.de\/de\/entdecken-sie\/designer\/aurelien-barbry\/","url":"https:\/\/caussa.de\/de\/entdecken-sie\/designer\/aurelien-barbry\/","name":"Aurelien Barbry","isPartOf":{"@id":"https:\/\/caussa.de\/de\/#website"},"datePublished":"2022-02-14T18:43:22+00:00","dateModified":"2022-02-14T18:43:36+00:00","breadcrumb":{"@id":"https:\/\/caussa.de\/de\/entdecken-sie\/designer\/aurelien-barbry\/#breadcrumb"},"inLanguage":"de","potentialAction":[{"@type":"ReadAction","target":["https:\/\/caussa.de\/de\/entdecken-sie\/designer\/aurelien-barbry\/"]}]},{"@type":"BreadcrumbList","@id":"https:\/\/caussa.de\/de\/entdecken-sie\/designer\/aurelien-barbry\/#breadcrumb","itemListElement":[{"@type":"ListItem","position":1,"name":"Startseite","item":"https:\/\/caussa.de\/de\/"},{"@type":"ListItem","position":2,"name":"Entdecken","item":"https:\/\/caussa.de\/de\/entdecken-sie\/"},{"@type":"ListItem","position":3,"name":"Designer","item":"https:\/\/caussa.de\/de\/entdecken-sie\/designer\/"},{"@type":"ListItem","position":4,"name":"Aurelien Barbry"}]},{"@type":"WebSite","@id":"https:\/\/caussa.de\/de\/#website","url":"https:\/\/caussa.de\/de\/","name":"caussa","description":"Eine andere WordPress-Site.","publisher":{"@id":"https:\/\/caussa.de\/de\/#organization"},"potentialAction":[{"@type":"SearchAction","target":{"@type":"EntryPoint","urlTemplate":"https:\/\/caussa.de\/de\/?s={search_term_string}"},"query-input":{"@type":"PropertyValueSpecification","valueRequired":true,"valueName":"search_term_string"}}],"inLanguage":"de"},{"@type":"Organization","@id":"https:\/\/caussa.de\/de\/#organization","name":"caussa","url":"https:\/\/caussa.de\/de\/","logo":{"@type":"ImageObject","inLanguage":"de","@id":"https:\/\/caussa.de\/de\/#\/schema\/logo\/image\/","url":"https:\/\/caussa.de\/wp-content\/uploads\/2021\/05\/CaussaLogo2021B.png","contentUrl":"https:\/\/caussa.de\/wp-content\/uploads\/2021\/05\/CaussaLogo2021B.png","width":800,"height":274,"caption":"caussa"},"image":{"@id":"https:\/\/caussa.de\/de\/#\/schema\/logo\/image\/"},"sameAs":["https:\/\/de-de.facebook.com\/pg\/caussa\/","https:\/\/www.instagram.com\/caussadesign\/","https:\/\/www.linkedin.com\/company\/caussa\/","https:\/\/www.pinterest.de\/caussafurniture\/"]}]},"product_price_amount":"449.00","product_price_currency":"EUR","og_availability":"instock","product_availability":"instock","product_retailer_item_id":"CA-010132","product_condition":"new"},"jetpack_sharing_enabled":true,"_links":{"self":[{"href":"https:\/\/caussa.de\/de\/wp-json\/wp\/v2\/pages\/17427","targetHints":{"allow":["GET"]}}],"collection":[{"href":"https:\/\/caussa.de\/de\/wp-json\/wp\/v2\/pages"}],"about":[{"href":"https:\/\/caussa.de\/de\/wp-json\/wp\/v2\/types\/page"}],"author":[{"embeddable":true,"href":"https:\/\/caussa.de\/de\/wp-json\/wp\/v2\/users\/3"}],"replies":[{"embeddable":true,"href":"https:\/\/caussa.de\/de\/wp-json\/wp\/v2\/comments?post=17427"}],"version-history":[{"count":5,"href":"https:\/\/caussa.de\/de\/wp-json\/wp\/v2\/pages\/17427\/revisions"}],"predecessor-version":[{"id":17436,"href":"https:\/\/caussa.de\/de\/wp-json\/wp\/v2\/pages\/17427\/revisions\/17436"}],"up":[{"embeddable":true,"href":"https:\/\/caussa.de\/de\/wp-json\/wp\/v2\/pages\/17412"}],"wp:attachment":[{"href":"https:\/\/caussa.de\/de\/wp-json\/wp\/v2\/media?parent=17427"}],"curies":[{"name":"wp","href":"https:\/\/api.w.org\/{rel}","templated":true}]}}