{"id":15559,"date":"2021-03-29T07:39:28","date_gmt":"2021-03-29T07:39:28","guid":{"rendered":"https:\/\/caussa.de\/product\/solid-hocker-zwei-esche-schwarz\/"},"modified":"2026-05-13T10:44:22","modified_gmt":"2026-05-13T10:44:22","slug":"solid-stool-two-ash-black-kopie","status":"publish","type":"product","link":"https:\/\/caussa.de\/de\/produkt\/solid-stool-two-ash-black-kopie\/","title":{"rendered":"Solid Hocker Zwei Esche schwarz"},"content":{"rendered":"","protected":false},"excerpt":{"rendered":"<p>Solid ist vom traditionellen Melkschemel inspiriert, der in einem zeitgen\u00f6ssischen, skulpturalen M\u00f6belst\u00fcck mit einem ausgepr\u00e4gten Sinn f\u00fcr Handwerkskunst und Komfort neu interpretiert wurde. Die quadratische Sitzfl\u00e4che wird in einem aufw\u00e4ndigen CNC-Verfahren aus massivem Eschenholz gefertigt und anschlie\u00dfend von Hand nachbearbeitet. Die sanft geschwungenen und handgedrechselten Beine nehmen den Charakter der Sitzfl\u00e4che auf und verleihen dem Hocker ein einheitliches und einzigartiges Aussehen. Der robuste und doch raffinierte Solid Hocker l\u00e4dt durch seinen sch\u00f6nen Ausdruck der Massivholz-Materialien zum Anfassen ein.<br \/>\nDie Besonderheit der Barhocker-Varianten sind die handgefertigten Sprossen, die in verschiedenen H\u00f6hen angeordnet sind, um immer bequemes Sitzen f\u00fcr Menschen unterschiedlicher K\u00f6rpergr\u00f6\u00dfe zu erm\u00f6glichen. Die Hocker sind in drei verschiedenen H\u00f6hen und entweder in Esche natur oder schwarz gebeizt erh\u00e4ltlich.<br \/>\nSolid One eignet sich sowohl als Sitzgelegenheit am Esstisch als auch als Solit\u00e4r in der Diele oder im Wohnzimmer. Solid Two wurde f\u00fcr die H\u00f6he einer K\u00fcchentheke entwickelt und Solid Three hat die ideale H\u00f6he f\u00fcr Bars.<\/p>\n","protected":false},"featured_media":12237,"comment_status":"closed","ping_status":"closed","template":"","meta":[],"product_brand":[],"product_cat":[391,379,398,399],"product_tag":[420],"class_list":{"0":"post-15559","1":"product","2":"type-product","3":"status-publish","4":"has-post-thumbnail","6":"product_cat-moebel","7":"product_cat-neu","8":"product_cat-solid-de","9":"product_cat-solid-barhocker","10":"product_tag-andreas-kowalewski-de","11":"product_shipping_class-dhl-shipping-up-to-10-kg","13":"first","14":"instock","15":"taxable","16":"shipping-taxable","17":"purchasable","18":"product-type-simple"},"yoast_head":"<!-- This site is optimized with the Yoast SEO Premium plugin v27.6 (Yoast SEO v27.6) - https:\/\/yoast.com\/product\/yoast-seo-premium-wordpress\/ -->\n<title>Solid Hocker Zwei Esche schwarz &#8212; caussa<\/title>\n<meta name=\"description\" content=\"%\" \/>\n<meta name=\"robots\" content=\"index, follow, max-snippet:-1, max-image-preview:large, max-video-preview:-1\" \/>\n<link rel=\"canonical\" href=\"https:\/\/caussa.de\/de\/produkt\/solid-stool-two-ash-black-kopie\/\" \/>\n<meta property=\"og:locale\" content=\"de_DE\" \/>\n<meta property=\"og:type\" content=\"article\" \/>\n<meta property=\"og:title\" content=\"Solid Hocker Zwei Esche schwarz\" \/>\n<meta property=\"og:description\" content=\"%\" \/>\n<meta property=\"og:url\" content=\"https:\/\/caussa.de\/de\/produkt\/solid-stool-two-ash-black-kopie\/\" \/>\n<meta property=\"og:site_name\" content=\"caussa\" \/>\n<meta property=\"article:publisher\" content=\"https:\/\/de-de.facebook.com\/pg\/caussa\/\" \/>\n<meta property=\"article:modified_time\" content=\"2026-05-13T10:44:22+00:00\" \/>\n<meta property=\"og:image\" content=\"https:\/\/caussa.de\/wp-content\/uploads\/2021\/05\/Solid-Barstool-Black-Mid-Caussa-Kowalewski-copy.jpg\" \/>\n\t<meta property=\"og:image:width\" content=\"1254\" \/>\n\t<meta property=\"og:image:height\" content=\"890\" \/>\n\t<meta property=\"og:image:type\" content=\"image\/jpeg\" \/>\n<meta name=\"twitter:card\" content=\"summary_large_image\" \/>\n<meta name=\"twitter:label1\" content=\"Preis\" \/>\n\t<meta name=\"twitter:data1\" content=\"&euro;929,00\" \/>\n\t<meta name=\"twitter:label2\" content=\"Verf\u00fcgbarkeit\" \/>\n\t<meta name=\"twitter:data2\" content=\"Auf Lager\" \/>\n<script type=\"application\/ld+json\" class=\"yoast-schema-graph\">{\"@context\":\"https:\\\/\\\/schema.org\",\"@graph\":[{\"@type\":\"WebPage\",\"@id\":\"https:\\\/\\\/caussa.de\\\/de\\\/produkt\\\/solid-stool-two-ash-black-kopie\\\/\",\"url\":\"https:\\\/\\\/caussa.de\\\/de\\\/produkt\\\/solid-stool-two-ash-black-kopie\\\/\",\"name\":\"Solid Hocker Zwei Esche schwarz &#8212; caussa\",\"isPartOf\":{\"@id\":\"https:\\\/\\\/caussa.de\\\/de\\\/#website\"},\"primaryImageOfPage\":{\"@id\":\"https:\\\/\\\/caussa.de\\\/de\\\/produkt\\\/solid-stool-two-ash-black-kopie\\\/#primaryimage\"},\"image\":{\"@id\":\"https:\\\/\\\/caussa.de\\\/de\\\/produkt\\\/solid-stool-two-ash-black-kopie\\\/#primaryimage\"},\"thumbnailUrl\":\"https:\\\/\\\/caussa.de\\\/wp-content\\\/uploads\\\/2021\\\/05\\\/Solid-Barstool-Black-Mid-Caussa-Kowalewski-copy.jpg\",\"datePublished\":\"2021-03-29T07:39:28+00:00\",\"dateModified\":\"2026-05-13T10:44:22+00:00\",\"description\":\"%\",\"breadcrumb\":{\"@id\":\"https:\\\/\\\/caussa.de\\\/de\\\/produkt\\\/solid-stool-two-ash-black-kopie\\\/#breadcrumb\"},\"inLanguage\":\"de\",\"potentialAction\":[{\"@type\":\"ReadAction\",\"target\":[\"https:\\\/\\\/caussa.de\\\/de\\\/produkt\\\/solid-stool-two-ash-black-kopie\\\/\"]}]},{\"@type\":\"ImageObject\",\"inLanguage\":\"de\",\"@id\":\"https:\\\/\\\/caussa.de\\\/de\\\/produkt\\\/solid-stool-two-ash-black-kopie\\\/#primaryimage\",\"url\":\"https:\\\/\\\/caussa.de\\\/wp-content\\\/uploads\\\/2021\\\/05\\\/Solid-Barstool-Black-Mid-Caussa-Kowalewski-copy.jpg\",\"contentUrl\":\"https:\\\/\\\/caussa.de\\\/wp-content\\\/uploads\\\/2021\\\/05\\\/Solid-Barstool-Black-Mid-Caussa-Kowalewski-copy.jpg\",\"width\":1254,\"height\":890},{\"@type\":\"BreadcrumbList\",\"@id\":\"https:\\\/\\\/caussa.de\\\/de\\\/produkt\\\/solid-stool-two-ash-black-kopie\\\/#breadcrumb\",\"itemListElement\":[{\"@type\":\"ListItem\",\"position\":1,\"name\":\"Startseite\",\"item\":\"https:\\\/\\\/caussa.de\\\/de\\\/\"},{\"@type\":\"ListItem\",\"position\":2,\"name\":\"Shop\",\"item\":\"https:\\\/\\\/caussa.de\\\/de\\\/shop\\\/\"},{\"@type\":\"ListItem\",\"position\":3,\"name\":\"Solid Hocker Zwei Esche schwarz\"}]},{\"@type\":\"WebSite\",\"@id\":\"https:\\\/\\\/caussa.de\\\/de\\\/#website\",\"url\":\"https:\\\/\\\/caussa.de\\\/de\\\/\",\"name\":\"caussa\",\"description\":\"Eine andere WordPress-Site.\",\"publisher\":{\"@id\":\"https:\\\/\\\/caussa.de\\\/de\\\/#organization\"},\"potentialAction\":[{\"@type\":\"SearchAction\",\"target\":{\"@type\":\"EntryPoint\",\"urlTemplate\":\"https:\\\/\\\/caussa.de\\\/de\\\/?s={search_term_string}\"},\"query-input\":{\"@type\":\"PropertyValueSpecification\",\"valueRequired\":true,\"valueName\":\"search_term_string\"}}],\"inLanguage\":\"de\"},{\"@type\":\"Organization\",\"@id\":\"https:\\\/\\\/caussa.de\\\/de\\\/#organization\",\"name\":\"caussa\",\"url\":\"https:\\\/\\\/caussa.de\\\/de\\\/\",\"logo\":{\"@type\":\"ImageObject\",\"inLanguage\":\"de\",\"@id\":\"https:\\\/\\\/caussa.de\\\/de\\\/#\\\/schema\\\/logo\\\/image\\\/\",\"url\":\"https:\\\/\\\/caussa.de\\\/wp-content\\\/uploads\\\/2021\\\/05\\\/CaussaLogo2021B.png\",\"contentUrl\":\"https:\\\/\\\/caussa.de\\\/wp-content\\\/uploads\\\/2021\\\/05\\\/CaussaLogo2021B.png\",\"width\":800,\"height\":274,\"caption\":\"caussa\"},\"image\":{\"@id\":\"https:\\\/\\\/caussa.de\\\/de\\\/#\\\/schema\\\/logo\\\/image\\\/\"},\"sameAs\":[\"https:\\\/\\\/de-de.facebook.com\\\/pg\\\/caussa\\\/\",\"https:\\\/\\\/www.instagram.com\\\/caussadesign\\\/\",\"https:\\\/\\\/www.linkedin.com\\\/company\\\/caussa\\\/\",\"https:\\\/\\\/www.pinterest.de\\\/caussafurniture\\\/\"]}]}<\/script>\n<meta property=\"product:price:amount\" content=\"929.00\" \/>\n<meta property=\"product:price:currency\" content=\"EUR\" \/>\n<meta property=\"og:availability\" content=\"instock\" \/>\n<meta property=\"product:availability\" content=\"instock\" \/>\n<meta property=\"product:retailer_item_id\" content=\"CA-010142\" \/>\n<meta property=\"product:condition\" content=\"new\" \/>\n<!-- \/ Yoast SEO Premium plugin. -->","yoast_head_json":{"title":"Solid Hocker Zwei Esche schwarz &#8212; caussa","description":"%","robots":{"index":"index","follow":"follow","max-snippet":"max-snippet:-1","max-image-preview":"max-image-preview:large","max-video-preview":"max-video-preview:-1"},"canonical":"https:\/\/caussa.de\/de\/produkt\/solid-stool-two-ash-black-kopie\/","og_locale":"de_DE","og_type":"article","og_title":"Solid Hocker Zwei Esche schwarz","og_description":"%","og_url":"https:\/\/caussa.de\/de\/produkt\/solid-stool-two-ash-black-kopie\/","og_site_name":"caussa","article_publisher":"https:\/\/de-de.facebook.com\/pg\/caussa\/","article_modified_time":"2026-05-13T10:44:22+00:00","og_image":[{"width":1254,"height":890,"url":"https:\/\/caussa.de\/wp-content\/uploads\/2021\/05\/Solid-Barstool-Black-Mid-Caussa-Kowalewski-copy.jpg","type":"image\/jpeg"}],"twitter_card":"summary_large_image","twitter_misc":{"Preis":"&euro;929,00","Verf\u00fcgbarkeit":"Auf Lager"},"schema":{"@context":"https:\/\/schema.org","@graph":[{"@type":"WebPage","@id":"https:\/\/caussa.de\/de\/produkt\/solid-stool-two-ash-black-kopie\/","url":"https:\/\/caussa.de\/de\/produkt\/solid-stool-two-ash-black-kopie\/","name":"Solid Hocker Zwei Esche schwarz &#8212; caussa","isPartOf":{"@id":"https:\/\/caussa.de\/de\/#website"},"primaryImageOfPage":{"@id":"https:\/\/caussa.de\/de\/produkt\/solid-stool-two-ash-black-kopie\/#primaryimage"},"image":{"@id":"https:\/\/caussa.de\/de\/produkt\/solid-stool-two-ash-black-kopie\/#primaryimage"},"thumbnailUrl":"https:\/\/caussa.de\/wp-content\/uploads\/2021\/05\/Solid-Barstool-Black-Mid-Caussa-Kowalewski-copy.jpg","datePublished":"2021-03-29T07:39:28+00:00","dateModified":"2026-05-13T10:44:22+00:00","description":"%","breadcrumb":{"@id":"https:\/\/caussa.de\/de\/produkt\/solid-stool-two-ash-black-kopie\/#breadcrumb"},"inLanguage":"de","potentialAction":[{"@type":"ReadAction","target":["https:\/\/caussa.de\/de\/produkt\/solid-stool-two-ash-black-kopie\/"]}]},{"@type":"ImageObject","inLanguage":"de","@id":"https:\/\/caussa.de\/de\/produkt\/solid-stool-two-ash-black-kopie\/#primaryimage","url":"https:\/\/caussa.de\/wp-content\/uploads\/2021\/05\/Solid-Barstool-Black-Mid-Caussa-Kowalewski-copy.jpg","contentUrl":"https:\/\/caussa.de\/wp-content\/uploads\/2021\/05\/Solid-Barstool-Black-Mid-Caussa-Kowalewski-copy.jpg","width":1254,"height":890},{"@type":"BreadcrumbList","@id":"https:\/\/caussa.de\/de\/produkt\/solid-stool-two-ash-black-kopie\/#breadcrumb","itemListElement":[{"@type":"ListItem","position":1,"name":"Startseite","item":"https:\/\/caussa.de\/de\/"},{"@type":"ListItem","position":2,"name":"Shop","item":"https:\/\/caussa.de\/de\/shop\/"},{"@type":"ListItem","position":3,"name":"Solid Hocker Zwei Esche schwarz"}]},{"@type":"WebSite","@id":"https:\/\/caussa.de\/de\/#website","url":"https:\/\/caussa.de\/de\/","name":"caussa","description":"Eine andere WordPress-Site.","publisher":{"@id":"https:\/\/caussa.de\/de\/#organization"},"potentialAction":[{"@type":"SearchAction","target":{"@type":"EntryPoint","urlTemplate":"https:\/\/caussa.de\/de\/?s={search_term_string}"},"query-input":{"@type":"PropertyValueSpecification","valueRequired":true,"valueName":"search_term_string"}}],"inLanguage":"de"},{"@type":"Organization","@id":"https:\/\/caussa.de\/de\/#organization","name":"caussa","url":"https:\/\/caussa.de\/de\/","logo":{"@type":"ImageObject","inLanguage":"de","@id":"https:\/\/caussa.de\/de\/#\/schema\/logo\/image\/","url":"https:\/\/caussa.de\/wp-content\/uploads\/2021\/05\/CaussaLogo2021B.png","contentUrl":"https:\/\/caussa.de\/wp-content\/uploads\/2021\/05\/CaussaLogo2021B.png","width":800,"height":274,"caption":"caussa"},"image":{"@id":"https:\/\/caussa.de\/de\/#\/schema\/logo\/image\/"},"sameAs":["https:\/\/de-de.facebook.com\/pg\/caussa\/","https:\/\/www.instagram.com\/caussadesign\/","https:\/\/www.linkedin.com\/company\/caussa\/","https:\/\/www.pinterest.de\/caussafurniture\/"]}]},"product_price_amount":"929.00","product_price_currency":"EUR","og_availability":"instock","product_availability":"instock","product_retailer_item_id":"CA-010142","product_condition":"new"},"jetpack_sharing_enabled":true,"_links":{"self":[{"href":"https:\/\/caussa.de\/de\/wp-json\/wp\/v2\/product\/15559","targetHints":{"allow":["GET"]}}],"collection":[{"href":"https:\/\/caussa.de\/de\/wp-json\/wp\/v2\/product"}],"about":[{"href":"https:\/\/caussa.de\/de\/wp-json\/wp\/v2\/types\/product"}],"replies":[{"embeddable":true,"href":"https:\/\/caussa.de\/de\/wp-json\/wp\/v2\/comments?post=15559"}],"wp:featuredmedia":[{"embeddable":true,"href":"https:\/\/caussa.de\/de\/wp-json\/wp\/v2\/media\/12237"}],"wp:attachment":[{"href":"https:\/\/caussa.de\/de\/wp-json\/wp\/v2\/media?parent=15559"}],"wp:term":[{"taxonomy":"product_brand","embeddable":true,"href":"https:\/\/caussa.de\/de\/wp-json\/wp\/v2\/product_brand?post=15559"},{"taxonomy":"product_cat","embeddable":true,"href":"https:\/\/caussa.de\/de\/wp-json\/wp\/v2\/product_cat?post=15559"},{"taxonomy":"product_tag","embeddable":true,"href":"https:\/\/caussa.de\/de\/wp-json\/wp\/v2\/product_tag?post=15559"}],"curies":[{"name":"wp","href":"https:\/\/api.w.org\/{rel}","templated":true}]}}