{"id":15567,"date":"2021-02-16T15:40:23","date_gmt":"2021-02-16T14:40:23","guid":{"rendered":"https:\/\/caussa.de\/product\/brik-bronze\/"},"modified":"2026-05-13T10:41:32","modified_gmt":"2026-05-13T10:41:32","slug":"brik-gold","status":"publish","type":"product","link":"https:\/\/caussa.de\/de\/produkt\/brik-gold\/","title":{"rendered":"Brik 24K Gold"},"content":{"rendered":"","protected":false},"excerpt":{"rendered":"<p class=\"p1\">Der Designer Aurelien Barbry lie\u00df sich von der minimalistischen und brutalen Architektur inspirieren. Das Besondere daran ist, dass die Bl\u00f6cke auf verschiedene Weise kombiniert werden k\u00f6nnen. Mit Brik k\u00f6nnen Sie Ihre eigene Kerzenlichtlandschaft kreieren.<span class=\"Apple-converted-space\"> Jedes St\u00fcck des <\/span>Kerzenst\u00e4nders ist aus Aluminium gefertigt und mit 24 Karat Gold beschichtet. Die massive goldene Optik ist ein echter Blickfang in einem exklusiven Interieur. Brik zeichnet sich durch sein zeitloses Design und seine Vielseitigkeit aus und wird in Deutschland handgefertigt.<\/p>\n<p class=\"p1\">Die einzelnen, pr\u00e4zise gefertigten Bl\u00f6cke sind nebeneinander in einem kleinen, flachen Karton verpackt, so dass beim Transport nur wenig Platz ben\u00f6tigt wird.<\/p>\n","protected":false},"featured_media":16463,"comment_status":"closed","ping_status":"closed","template":"","meta":[],"product_brand":[],"product_cat":[381,387,386,379,415],"product_tag":[421],"class_list":{"0":"post-15567","1":"product","2":"type-product","3":"status-publish","4":"has-post-thumbnail","6":"product_cat-accessoires-de","7":"product_cat-brik-de","8":"product_cat-kerzenlicht","9":"product_cat-neu","10":"product_cat-uncategorized-de","11":"product_tag-aurelien-barbry-de","12":"product_shipping_class-dhl-shipping-up-to-03-kg","14":"first","15":"instock","16":"taxable","17":"shipping-taxable","18":"purchasable","19":"product-type-simple"},"yoast_head":"<!-- This site is optimized with the Yoast SEO Premium plugin v27.6 (Yoast SEO v27.6) - https:\/\/yoast.com\/product\/yoast-seo-premium-wordpress\/ -->\n<title>Brik 24K Gold &#8212; caussa<\/title>\n<meta name=\"description\" content=\"%\" \/>\n<meta name=\"robots\" content=\"index, follow, max-snippet:-1, max-image-preview:large, max-video-preview:-1\" \/>\n<link rel=\"canonical\" href=\"https:\/\/caussa.de\/de\/produkt\/brik-gold\/\" \/>\n<meta property=\"og:locale\" content=\"de_DE\" \/>\n<meta property=\"og:type\" content=\"article\" \/>\n<meta property=\"og:title\" content=\"Brik 24K Gold\" \/>\n<meta property=\"og:description\" content=\"%\" \/>\n<meta property=\"og:url\" content=\"https:\/\/caussa.de\/de\/produkt\/brik-gold\/\" \/>\n<meta property=\"og:site_name\" content=\"caussa\" \/>\n<meta property=\"article:publisher\" content=\"https:\/\/de-de.facebook.com\/pg\/caussa\/\" \/>\n<meta property=\"article:modified_time\" content=\"2026-05-13T10:41:32+00:00\" \/>\n<meta property=\"og:image\" content=\"https:\/\/caussa.de\/wp-content\/uploads\/2021\/12\/Brik_Gold_Caussa_Barbry_01-1.jpg\" \/>\n\t<meta property=\"og:image:width\" content=\"1254\" \/>\n\t<meta property=\"og:image:height\" content=\"891\" \/>\n\t<meta property=\"og:image:type\" content=\"image\/jpeg\" \/>\n<meta name=\"twitter:card\" content=\"summary_large_image\" \/>\n<meta name=\"twitter:label1\" content=\"Preis\" \/>\n\t<meta name=\"twitter:data1\" content=\"&euro;449,00\" \/>\n\t<meta name=\"twitter:label2\" content=\"Verf\u00fcgbarkeit\" \/>\n\t<meta name=\"twitter:data2\" content=\"Auf Lager\" \/>\n<script type=\"application\/ld+json\" class=\"yoast-schema-graph\">{\"@context\":\"https:\\\/\\\/schema.org\",\"@graph\":[{\"@type\":\"WebPage\",\"@id\":\"https:\\\/\\\/caussa.de\\\/de\\\/produkt\\\/brik-gold\\\/\",\"url\":\"https:\\\/\\\/caussa.de\\\/de\\\/produkt\\\/brik-gold\\\/\",\"name\":\"Brik 24K Gold &#8212; caussa\",\"isPartOf\":{\"@id\":\"https:\\\/\\\/caussa.de\\\/de\\\/#website\"},\"primaryImageOfPage\":{\"@id\":\"https:\\\/\\\/caussa.de\\\/de\\\/produkt\\\/brik-gold\\\/#primaryimage\"},\"image\":{\"@id\":\"https:\\\/\\\/caussa.de\\\/de\\\/produkt\\\/brik-gold\\\/#primaryimage\"},\"thumbnailUrl\":\"https:\\\/\\\/caussa.de\\\/wp-content\\\/uploads\\\/2021\\\/12\\\/Brik_Gold_Caussa_Barbry_01-1.jpg\",\"datePublished\":\"2021-02-16T14:40:23+00:00\",\"dateModified\":\"2026-05-13T10:41:32+00:00\",\"description\":\"%\",\"breadcrumb\":{\"@id\":\"https:\\\/\\\/caussa.de\\\/de\\\/produkt\\\/brik-gold\\\/#breadcrumb\"},\"inLanguage\":\"de\",\"potentialAction\":[{\"@type\":\"ReadAction\",\"target\":[\"https:\\\/\\\/caussa.de\\\/de\\\/produkt\\\/brik-gold\\\/\"]}]},{\"@type\":\"ImageObject\",\"inLanguage\":\"de\",\"@id\":\"https:\\\/\\\/caussa.de\\\/de\\\/produkt\\\/brik-gold\\\/#primaryimage\",\"url\":\"https:\\\/\\\/caussa.de\\\/wp-content\\\/uploads\\\/2021\\\/12\\\/Brik_Gold_Caussa_Barbry_01-1.jpg\",\"contentUrl\":\"https:\\\/\\\/caussa.de\\\/wp-content\\\/uploads\\\/2021\\\/12\\\/Brik_Gold_Caussa_Barbry_01-1.jpg\",\"width\":1254,\"height\":891},{\"@type\":\"BreadcrumbList\",\"@id\":\"https:\\\/\\\/caussa.de\\\/de\\\/produkt\\\/brik-gold\\\/#breadcrumb\",\"itemListElement\":[{\"@type\":\"ListItem\",\"position\":1,\"name\":\"Startseite\",\"item\":\"https:\\\/\\\/caussa.de\\\/de\\\/\"},{\"@type\":\"ListItem\",\"position\":2,\"name\":\"Shop\",\"item\":\"https:\\\/\\\/caussa.de\\\/de\\\/shop\\\/\"},{\"@type\":\"ListItem\",\"position\":3,\"name\":\"Brik 24K Gold\"}]},{\"@type\":\"WebSite\",\"@id\":\"https:\\\/\\\/caussa.de\\\/de\\\/#website\",\"url\":\"https:\\\/\\\/caussa.de\\\/de\\\/\",\"name\":\"caussa\",\"description\":\"Eine andere WordPress-Site.\",\"publisher\":{\"@id\":\"https:\\\/\\\/caussa.de\\\/de\\\/#organization\"},\"potentialAction\":[{\"@type\":\"SearchAction\",\"target\":{\"@type\":\"EntryPoint\",\"urlTemplate\":\"https:\\\/\\\/caussa.de\\\/de\\\/?s={search_term_string}\"},\"query-input\":{\"@type\":\"PropertyValueSpecification\",\"valueRequired\":true,\"valueName\":\"search_term_string\"}}],\"inLanguage\":\"de\"},{\"@type\":\"Organization\",\"@id\":\"https:\\\/\\\/caussa.de\\\/de\\\/#organization\",\"name\":\"caussa\",\"url\":\"https:\\\/\\\/caussa.de\\\/de\\\/\",\"logo\":{\"@type\":\"ImageObject\",\"inLanguage\":\"de\",\"@id\":\"https:\\\/\\\/caussa.de\\\/de\\\/#\\\/schema\\\/logo\\\/image\\\/\",\"url\":\"https:\\\/\\\/caussa.de\\\/wp-content\\\/uploads\\\/2021\\\/05\\\/CaussaLogo2021B.png\",\"contentUrl\":\"https:\\\/\\\/caussa.de\\\/wp-content\\\/uploads\\\/2021\\\/05\\\/CaussaLogo2021B.png\",\"width\":800,\"height\":274,\"caption\":\"caussa\"},\"image\":{\"@id\":\"https:\\\/\\\/caussa.de\\\/de\\\/#\\\/schema\\\/logo\\\/image\\\/\"},\"sameAs\":[\"https:\\\/\\\/de-de.facebook.com\\\/pg\\\/caussa\\\/\",\"https:\\\/\\\/www.instagram.com\\\/caussadesign\\\/\",\"https:\\\/\\\/www.linkedin.com\\\/company\\\/caussa\\\/\",\"https:\\\/\\\/www.pinterest.de\\\/caussafurniture\\\/\"]}]}<\/script>\n<meta property=\"product:price:amount\" content=\"449.00\" \/>\n<meta property=\"product:price:currency\" content=\"EUR\" \/>\n<meta property=\"og:availability\" content=\"instock\" \/>\n<meta property=\"product:availability\" content=\"instock\" \/>\n<meta property=\"product:retailer_item_id\" content=\"CA-010132\" \/>\n<meta property=\"product:condition\" content=\"new\" \/>\n<!-- \/ Yoast SEO Premium plugin. -->","yoast_head_json":{"title":"Brik 24K Gold &#8212; caussa","description":"%","robots":{"index":"index","follow":"follow","max-snippet":"max-snippet:-1","max-image-preview":"max-image-preview:large","max-video-preview":"max-video-preview:-1"},"canonical":"https:\/\/caussa.de\/de\/produkt\/brik-gold\/","og_locale":"de_DE","og_type":"article","og_title":"Brik 24K Gold","og_description":"%","og_url":"https:\/\/caussa.de\/de\/produkt\/brik-gold\/","og_site_name":"caussa","article_publisher":"https:\/\/de-de.facebook.com\/pg\/caussa\/","article_modified_time":"2026-05-13T10:41:32+00:00","og_image":[{"width":1254,"height":891,"url":"https:\/\/caussa.de\/wp-content\/uploads\/2021\/12\/Brik_Gold_Caussa_Barbry_01-1.jpg","type":"image\/jpeg"}],"twitter_card":"summary_large_image","twitter_misc":{"Preis":"&euro;449,00","Verf\u00fcgbarkeit":"Auf Lager"},"schema":{"@context":"https:\/\/schema.org","@graph":[{"@type":"WebPage","@id":"https:\/\/caussa.de\/de\/produkt\/brik-gold\/","url":"https:\/\/caussa.de\/de\/produkt\/brik-gold\/","name":"Brik 24K Gold &#8212; caussa","isPartOf":{"@id":"https:\/\/caussa.de\/de\/#website"},"primaryImageOfPage":{"@id":"https:\/\/caussa.de\/de\/produkt\/brik-gold\/#primaryimage"},"image":{"@id":"https:\/\/caussa.de\/de\/produkt\/brik-gold\/#primaryimage"},"thumbnailUrl":"https:\/\/caussa.de\/wp-content\/uploads\/2021\/12\/Brik_Gold_Caussa_Barbry_01-1.jpg","datePublished":"2021-02-16T14:40:23+00:00","dateModified":"2026-05-13T10:41:32+00:00","description":"%","breadcrumb":{"@id":"https:\/\/caussa.de\/de\/produkt\/brik-gold\/#breadcrumb"},"inLanguage":"de","potentialAction":[{"@type":"ReadAction","target":["https:\/\/caussa.de\/de\/produkt\/brik-gold\/"]}]},{"@type":"ImageObject","inLanguage":"de","@id":"https:\/\/caussa.de\/de\/produkt\/brik-gold\/#primaryimage","url":"https:\/\/caussa.de\/wp-content\/uploads\/2021\/12\/Brik_Gold_Caussa_Barbry_01-1.jpg","contentUrl":"https:\/\/caussa.de\/wp-content\/uploads\/2021\/12\/Brik_Gold_Caussa_Barbry_01-1.jpg","width":1254,"height":891},{"@type":"BreadcrumbList","@id":"https:\/\/caussa.de\/de\/produkt\/brik-gold\/#breadcrumb","itemListElement":[{"@type":"ListItem","position":1,"name":"Startseite","item":"https:\/\/caussa.de\/de\/"},{"@type":"ListItem","position":2,"name":"Shop","item":"https:\/\/caussa.de\/de\/shop\/"},{"@type":"ListItem","position":3,"name":"Brik 24K Gold"}]},{"@type":"WebSite","@id":"https:\/\/caussa.de\/de\/#website","url":"https:\/\/caussa.de\/de\/","name":"caussa","description":"Eine andere WordPress-Site.","publisher":{"@id":"https:\/\/caussa.de\/de\/#organization"},"potentialAction":[{"@type":"SearchAction","target":{"@type":"EntryPoint","urlTemplate":"https:\/\/caussa.de\/de\/?s={search_term_string}"},"query-input":{"@type":"PropertyValueSpecification","valueRequired":true,"valueName":"search_term_string"}}],"inLanguage":"de"},{"@type":"Organization","@id":"https:\/\/caussa.de\/de\/#organization","name":"caussa","url":"https:\/\/caussa.de\/de\/","logo":{"@type":"ImageObject","inLanguage":"de","@id":"https:\/\/caussa.de\/de\/#\/schema\/logo\/image\/","url":"https:\/\/caussa.de\/wp-content\/uploads\/2021\/05\/CaussaLogo2021B.png","contentUrl":"https:\/\/caussa.de\/wp-content\/uploads\/2021\/05\/CaussaLogo2021B.png","width":800,"height":274,"caption":"caussa"},"image":{"@id":"https:\/\/caussa.de\/de\/#\/schema\/logo\/image\/"},"sameAs":["https:\/\/de-de.facebook.com\/pg\/caussa\/","https:\/\/www.instagram.com\/caussadesign\/","https:\/\/www.linkedin.com\/company\/caussa\/","https:\/\/www.pinterest.de\/caussafurniture\/"]}]},"product_price_amount":"449.00","product_price_currency":"EUR","og_availability":"instock","product_availability":"instock","product_retailer_item_id":"CA-010132","product_condition":"new"},"jetpack_sharing_enabled":true,"_links":{"self":[{"href":"https:\/\/caussa.de\/de\/wp-json\/wp\/v2\/product\/15567","targetHints":{"allow":["GET"]}}],"collection":[{"href":"https:\/\/caussa.de\/de\/wp-json\/wp\/v2\/product"}],"about":[{"href":"https:\/\/caussa.de\/de\/wp-json\/wp\/v2\/types\/product"}],"replies":[{"embeddable":true,"href":"https:\/\/caussa.de\/de\/wp-json\/wp\/v2\/comments?post=15567"}],"wp:featuredmedia":[{"embeddable":true,"href":"https:\/\/caussa.de\/de\/wp-json\/wp\/v2\/media\/16463"}],"wp:attachment":[{"href":"https:\/\/caussa.de\/de\/wp-json\/wp\/v2\/media?parent=15567"}],"wp:term":[{"taxonomy":"product_brand","embeddable":true,"href":"https:\/\/caussa.de\/de\/wp-json\/wp\/v2\/product_brand?post=15567"},{"taxonomy":"product_cat","embeddable":true,"href":"https:\/\/caussa.de\/de\/wp-json\/wp\/v2\/product_cat?post=15567"},{"taxonomy":"product_tag","embeddable":true,"href":"https:\/\/caussa.de\/de\/wp-json\/wp\/v2\/product_tag?post=15567"}],"curies":[{"name":"wp","href":"https:\/\/api.w.org\/{rel}","templated":true}]}}