{"id":15673,"date":"2019-02-23T11:12:19","date_gmt":"2019-02-23T11:12:19","guid":{"rendered":"https:\/\/caussa.de\/product\/fabella-porzellanlampe-weis\/"},"modified":"2026-05-13T10:39:46","modified_gmt":"2026-05-13T10:39:46","slug":"fabella-porzellan-lampe-weis-2","status":"publish","type":"product","link":"https:\/\/caussa.de\/de\/produkt\/fabella-porzellan-lampe-weis-2\/","title":{"rendered":"Fabella Porzellanlampe (wei\u00df)"},"content":{"rendered":"","protected":false},"excerpt":{"rendered":"<p>Inspiriert von Fontanes ber\u00fchmtem Gedicht \u00fcber den gro\u00dfz\u00fcgigen &#8222;Herrn von Ribbeck auf Ribbeck im Havelland&#8220; schuf die deutsche Designerin Laura Stra\u00dfer eine Porzellanlampe, die an eine Birne erinnert. Dementsprechend w\u00e4hlte sie den Namen &#8222;Fabella&#8220;, was auf Lateinisch &#8222;Anekdote&#8220; bedeutet und eine Verbindung zu diesem sch\u00f6nen Gedicht herstellt, das \u00fcbrigens auf einer wahren Geschichte beruht. F\u00fcr Caussa hat Laura Stra\u00dfer ihr Design neu interpretiert und mit frischen Farb- und Materialkombinationen neue Akzente gesetzt. Je nach St\u00e4rke der Gl\u00fchbirne und der Farbe der Glasur wird der Porzellanschirm lichtdurchl\u00e4ssig und erzeugt einen einzigartigen Glanz und eine angenehme Lichtstimmung. Die H\u00e4ngeleuchte ist in vier verschiedenen Glasfarben erh\u00e4ltlich, die jeweils mit einem polierten Messinganschlussring und einem wei\u00dfen oder schwarzen Textilkabel kombiniert werden.<\/p>\n","protected":false},"featured_media":11869,"comment_status":"closed","ping_status":"closed","template":"","meta":[],"product_brand":[],"product_cat":[408,406],"product_tag":[426],"class_list":{"0":"post-15673","1":"product","2":"type-product","3":"status-publish","4":"has-post-thumbnail","6":"product_cat-fabella-de","7":"product_cat-leuchten","8":"product_tag-laura-straser","9":"product_shipping_class-dhl-shipping-up-to-03-kg","11":"first","12":"instock","13":"taxable","14":"shipping-taxable","15":"purchasable","16":"product-type-simple"},"yoast_head":"<!-- This site is optimized with the Yoast SEO Premium plugin v27.6 (Yoast SEO v27.6) - https:\/\/yoast.com\/product\/yoast-seo-premium-wordpress\/ -->\n<title>Fabella Porzellanlampe (wei\u00df) &#8212; caussa<\/title>\n<meta name=\"description\" content=\"%\" \/>\n<meta name=\"robots\" content=\"index, follow, max-snippet:-1, max-image-preview:large, max-video-preview:-1\" \/>\n<link rel=\"canonical\" href=\"https:\/\/caussa.de\/de\/produkt\/fabella-porzellan-lampe-weis-2\/\" \/>\n<meta property=\"og:locale\" content=\"de_DE\" \/>\n<meta property=\"og:type\" content=\"article\" \/>\n<meta property=\"og:title\" content=\"Fabella Porzellanlampe (wei\u00df)\" \/>\n<meta property=\"og:description\" content=\"%\" \/>\n<meta property=\"og:url\" content=\"https:\/\/caussa.de\/de\/produkt\/fabella-porzellan-lampe-weis-2\/\" \/>\n<meta property=\"og:site_name\" content=\"caussa\" \/>\n<meta property=\"article:publisher\" content=\"https:\/\/de-de.facebook.com\/pg\/caussa\/\" \/>\n<meta property=\"article:modified_time\" content=\"2026-05-13T10:39:46+00:00\" \/>\n<meta property=\"og:image\" content=\"https:\/\/caussa.de\/wp-content\/uploads\/2020\/06\/Fabella-Lamp-White-Caussa-Strasser.jpg\" \/>\n\t<meta property=\"og:image:width\" content=\"1200\" \/>\n\t<meta property=\"og:image:height\" content=\"852\" \/>\n\t<meta property=\"og:image:type\" content=\"image\/jpeg\" \/>\n<meta name=\"twitter:card\" content=\"summary_large_image\" \/>\n<meta name=\"twitter:label1\" content=\"Preis\" \/>\n\t<meta name=\"twitter:data1\" content=\"&euro;219,00\" \/>\n\t<meta name=\"twitter:label2\" content=\"Verf\u00fcgbarkeit\" \/>\n\t<meta name=\"twitter:data2\" content=\"Auf Lager\" \/>\n<script type=\"application\/ld+json\" class=\"yoast-schema-graph\">{\"@context\":\"https:\\\/\\\/schema.org\",\"@graph\":[{\"@type\":\"WebPage\",\"@id\":\"https:\\\/\\\/caussa.de\\\/de\\\/produkt\\\/fabella-porzellan-lampe-weis-2\\\/\",\"url\":\"https:\\\/\\\/caussa.de\\\/de\\\/produkt\\\/fabella-porzellan-lampe-weis-2\\\/\",\"name\":\"Fabella Porzellanlampe (wei\u00df) &#8212; caussa\",\"isPartOf\":{\"@id\":\"https:\\\/\\\/caussa.de\\\/de\\\/#website\"},\"primaryImageOfPage\":{\"@id\":\"https:\\\/\\\/caussa.de\\\/de\\\/produkt\\\/fabella-porzellan-lampe-weis-2\\\/#primaryimage\"},\"image\":{\"@id\":\"https:\\\/\\\/caussa.de\\\/de\\\/produkt\\\/fabella-porzellan-lampe-weis-2\\\/#primaryimage\"},\"thumbnailUrl\":\"https:\\\/\\\/caussa.de\\\/wp-content\\\/uploads\\\/2020\\\/06\\\/Fabella-Lamp-White-Caussa-Strasser.jpg\",\"datePublished\":\"2019-02-23T11:12:19+00:00\",\"dateModified\":\"2026-05-13T10:39:46+00:00\",\"description\":\"%\",\"breadcrumb\":{\"@id\":\"https:\\\/\\\/caussa.de\\\/de\\\/produkt\\\/fabella-porzellan-lampe-weis-2\\\/#breadcrumb\"},\"inLanguage\":\"de\",\"potentialAction\":[{\"@type\":\"ReadAction\",\"target\":[\"https:\\\/\\\/caussa.de\\\/de\\\/produkt\\\/fabella-porzellan-lampe-weis-2\\\/\"]}]},{\"@type\":\"ImageObject\",\"inLanguage\":\"de\",\"@id\":\"https:\\\/\\\/caussa.de\\\/de\\\/produkt\\\/fabella-porzellan-lampe-weis-2\\\/#primaryimage\",\"url\":\"https:\\\/\\\/caussa.de\\\/wp-content\\\/uploads\\\/2020\\\/06\\\/Fabella-Lamp-White-Caussa-Strasser.jpg\",\"contentUrl\":\"https:\\\/\\\/caussa.de\\\/wp-content\\\/uploads\\\/2020\\\/06\\\/Fabella-Lamp-White-Caussa-Strasser.jpg\",\"width\":1200,\"height\":852},{\"@type\":\"BreadcrumbList\",\"@id\":\"https:\\\/\\\/caussa.de\\\/de\\\/produkt\\\/fabella-porzellan-lampe-weis-2\\\/#breadcrumb\",\"itemListElement\":[{\"@type\":\"ListItem\",\"position\":1,\"name\":\"Startseite\",\"item\":\"https:\\\/\\\/caussa.de\\\/de\\\/\"},{\"@type\":\"ListItem\",\"position\":2,\"name\":\"Shop\",\"item\":\"https:\\\/\\\/caussa.de\\\/de\\\/shop\\\/\"},{\"@type\":\"ListItem\",\"position\":3,\"name\":\"Fabella Porzellanlampe (wei\u00df)\"}]},{\"@type\":\"WebSite\",\"@id\":\"https:\\\/\\\/caussa.de\\\/de\\\/#website\",\"url\":\"https:\\\/\\\/caussa.de\\\/de\\\/\",\"name\":\"caussa\",\"description\":\"Eine andere WordPress-Site.\",\"publisher\":{\"@id\":\"https:\\\/\\\/caussa.de\\\/de\\\/#organization\"},\"potentialAction\":[{\"@type\":\"SearchAction\",\"target\":{\"@type\":\"EntryPoint\",\"urlTemplate\":\"https:\\\/\\\/caussa.de\\\/de\\\/?s={search_term_string}\"},\"query-input\":{\"@type\":\"PropertyValueSpecification\",\"valueRequired\":true,\"valueName\":\"search_term_string\"}}],\"inLanguage\":\"de\"},{\"@type\":\"Organization\",\"@id\":\"https:\\\/\\\/caussa.de\\\/de\\\/#organization\",\"name\":\"caussa\",\"url\":\"https:\\\/\\\/caussa.de\\\/de\\\/\",\"logo\":{\"@type\":\"ImageObject\",\"inLanguage\":\"de\",\"@id\":\"https:\\\/\\\/caussa.de\\\/de\\\/#\\\/schema\\\/logo\\\/image\\\/\",\"url\":\"https:\\\/\\\/caussa.de\\\/wp-content\\\/uploads\\\/2021\\\/05\\\/CaussaLogo2021B.png\",\"contentUrl\":\"https:\\\/\\\/caussa.de\\\/wp-content\\\/uploads\\\/2021\\\/05\\\/CaussaLogo2021B.png\",\"width\":800,\"height\":274,\"caption\":\"caussa\"},\"image\":{\"@id\":\"https:\\\/\\\/caussa.de\\\/de\\\/#\\\/schema\\\/logo\\\/image\\\/\"},\"sameAs\":[\"https:\\\/\\\/de-de.facebook.com\\\/pg\\\/caussa\\\/\",\"https:\\\/\\\/www.instagram.com\\\/caussadesign\\\/\",\"https:\\\/\\\/www.linkedin.com\\\/company\\\/caussa\\\/\",\"https:\\\/\\\/www.pinterest.de\\\/caussafurniture\\\/\"]}]}<\/script>\n<meta property=\"product:price:amount\" content=\"219.00\" \/>\n<meta property=\"product:price:currency\" content=\"EUR\" \/>\n<meta property=\"og:availability\" content=\"instock\" \/>\n<meta property=\"product:availability\" content=\"instock\" \/>\n<meta property=\"product:retailer_item_id\" content=\"CA-010042\" \/>\n<meta property=\"product:condition\" content=\"new\" \/>\n<!-- \/ Yoast SEO Premium plugin. -->","yoast_head_json":{"title":"Fabella Porzellanlampe (wei\u00df) &#8212; caussa","description":"%","robots":{"index":"index","follow":"follow","max-snippet":"max-snippet:-1","max-image-preview":"max-image-preview:large","max-video-preview":"max-video-preview:-1"},"canonical":"https:\/\/caussa.de\/de\/produkt\/fabella-porzellan-lampe-weis-2\/","og_locale":"de_DE","og_type":"article","og_title":"Fabella Porzellanlampe (wei\u00df)","og_description":"%","og_url":"https:\/\/caussa.de\/de\/produkt\/fabella-porzellan-lampe-weis-2\/","og_site_name":"caussa","article_publisher":"https:\/\/de-de.facebook.com\/pg\/caussa\/","article_modified_time":"2026-05-13T10:39:46+00:00","og_image":[{"width":1200,"height":852,"url":"https:\/\/caussa.de\/wp-content\/uploads\/2020\/06\/Fabella-Lamp-White-Caussa-Strasser.jpg","type":"image\/jpeg"}],"twitter_card":"summary_large_image","twitter_misc":{"Preis":"&euro;219,00","Verf\u00fcgbarkeit":"Auf Lager"},"schema":{"@context":"https:\/\/schema.org","@graph":[{"@type":"WebPage","@id":"https:\/\/caussa.de\/de\/produkt\/fabella-porzellan-lampe-weis-2\/","url":"https:\/\/caussa.de\/de\/produkt\/fabella-porzellan-lampe-weis-2\/","name":"Fabella Porzellanlampe (wei\u00df) &#8212; caussa","isPartOf":{"@id":"https:\/\/caussa.de\/de\/#website"},"primaryImageOfPage":{"@id":"https:\/\/caussa.de\/de\/produkt\/fabella-porzellan-lampe-weis-2\/#primaryimage"},"image":{"@id":"https:\/\/caussa.de\/de\/produkt\/fabella-porzellan-lampe-weis-2\/#primaryimage"},"thumbnailUrl":"https:\/\/caussa.de\/wp-content\/uploads\/2020\/06\/Fabella-Lamp-White-Caussa-Strasser.jpg","datePublished":"2019-02-23T11:12:19+00:00","dateModified":"2026-05-13T10:39:46+00:00","description":"%","breadcrumb":{"@id":"https:\/\/caussa.de\/de\/produkt\/fabella-porzellan-lampe-weis-2\/#breadcrumb"},"inLanguage":"de","potentialAction":[{"@type":"ReadAction","target":["https:\/\/caussa.de\/de\/produkt\/fabella-porzellan-lampe-weis-2\/"]}]},{"@type":"ImageObject","inLanguage":"de","@id":"https:\/\/caussa.de\/de\/produkt\/fabella-porzellan-lampe-weis-2\/#primaryimage","url":"https:\/\/caussa.de\/wp-content\/uploads\/2020\/06\/Fabella-Lamp-White-Caussa-Strasser.jpg","contentUrl":"https:\/\/caussa.de\/wp-content\/uploads\/2020\/06\/Fabella-Lamp-White-Caussa-Strasser.jpg","width":1200,"height":852},{"@type":"BreadcrumbList","@id":"https:\/\/caussa.de\/de\/produkt\/fabella-porzellan-lampe-weis-2\/#breadcrumb","itemListElement":[{"@type":"ListItem","position":1,"name":"Startseite","item":"https:\/\/caussa.de\/de\/"},{"@type":"ListItem","position":2,"name":"Shop","item":"https:\/\/caussa.de\/de\/shop\/"},{"@type":"ListItem","position":3,"name":"Fabella Porzellanlampe (wei\u00df)"}]},{"@type":"WebSite","@id":"https:\/\/caussa.de\/de\/#website","url":"https:\/\/caussa.de\/de\/","name":"caussa","description":"Eine andere WordPress-Site.","publisher":{"@id":"https:\/\/caussa.de\/de\/#organization"},"potentialAction":[{"@type":"SearchAction","target":{"@type":"EntryPoint","urlTemplate":"https:\/\/caussa.de\/de\/?s={search_term_string}"},"query-input":{"@type":"PropertyValueSpecification","valueRequired":true,"valueName":"search_term_string"}}],"inLanguage":"de"},{"@type":"Organization","@id":"https:\/\/caussa.de\/de\/#organization","name":"caussa","url":"https:\/\/caussa.de\/de\/","logo":{"@type":"ImageObject","inLanguage":"de","@id":"https:\/\/caussa.de\/de\/#\/schema\/logo\/image\/","url":"https:\/\/caussa.de\/wp-content\/uploads\/2021\/05\/CaussaLogo2021B.png","contentUrl":"https:\/\/caussa.de\/wp-content\/uploads\/2021\/05\/CaussaLogo2021B.png","width":800,"height":274,"caption":"caussa"},"image":{"@id":"https:\/\/caussa.de\/de\/#\/schema\/logo\/image\/"},"sameAs":["https:\/\/de-de.facebook.com\/pg\/caussa\/","https:\/\/www.instagram.com\/caussadesign\/","https:\/\/www.linkedin.com\/company\/caussa\/","https:\/\/www.pinterest.de\/caussafurniture\/"]}]},"product_price_amount":"219.00","product_price_currency":"EUR","og_availability":"instock","product_availability":"instock","product_retailer_item_id":"CA-010042","product_condition":"new"},"jetpack_sharing_enabled":true,"_links":{"self":[{"href":"https:\/\/caussa.de\/de\/wp-json\/wp\/v2\/product\/15673","targetHints":{"allow":["GET"]}}],"collection":[{"href":"https:\/\/caussa.de\/de\/wp-json\/wp\/v2\/product"}],"about":[{"href":"https:\/\/caussa.de\/de\/wp-json\/wp\/v2\/types\/product"}],"replies":[{"embeddable":true,"href":"https:\/\/caussa.de\/de\/wp-json\/wp\/v2\/comments?post=15673"}],"wp:featuredmedia":[{"embeddable":true,"href":"https:\/\/caussa.de\/de\/wp-json\/wp\/v2\/media\/11869"}],"wp:attachment":[{"href":"https:\/\/caussa.de\/de\/wp-json\/wp\/v2\/media?parent=15673"}],"wp:term":[{"taxonomy":"product_brand","embeddable":true,"href":"https:\/\/caussa.de\/de\/wp-json\/wp\/v2\/product_brand?post=15673"},{"taxonomy":"product_cat","embeddable":true,"href":"https:\/\/caussa.de\/de\/wp-json\/wp\/v2\/product_cat?post=15673"},{"taxonomy":"product_tag","embeddable":true,"href":"https:\/\/caussa.de\/de\/wp-json\/wp\/v2\/product_tag?post=15673"}],"curies":[{"name":"wp","href":"https:\/\/api.w.org\/{rel}","templated":true}]}}