{"id":18142,"date":"2021-02-16T17:12:57","date_gmt":"2021-02-16T17:12:57","guid":{"rendered":"https:\/\/caussa.de\/?post_type=product&#038;p=18142"},"modified":"2026-05-13T10:41:54","modified_gmt":"2026-05-13T10:41:54","slug":"echo-tabelle-lampe-grun-grau","status":"publish","type":"product","link":"https:\/\/caussa.de\/de\/produkt\/echo-tabelle-lampe-grun-grau\/","title":{"rendered":"Echo Tischleuchte ultramarinblau"},"content":{"rendered":"","protected":false},"excerpt":{"rendered":"<p>Die Leuchte Echo besticht durch ihre besonders intuitive Bedienung, ihre raffiniert gestaltete modulare Metallstruktur und ihr ikonisches Aussehen. Der runde Kopf mit der LED-Lichtquelle ist drehbar und l\u00e4sst sich in der Schiene des Lampensockels leicht in der H\u00f6he verstellen, so dass eine Vielzahl von Lichtausrichtungen m\u00f6glich ist. Mit der im Kopf verborgenen Gestensteuerung l\u00e4sst sich das Licht stufenlos dimmen und mit einer einfachen Handbewegung ein- und ausschalten. Inspiriert von der Form einer Stimmgabel ist Echo nicht nur eine ideale Schreibtischlampe, sondern kann auch als Leselampe und Deckenstrahler verwendet werden, der ein stimmungsvolles, blendfreies Licht erzeugt.<br \/>\nEcho steht f\u00fcr Pr\u00e4zisionsmechanik made in Germany, unter Verwendung neuester Technologie und bester Materialien, ausgef\u00fchrt in einem zeitgen\u00f6ssischen Design. Die Leuchte wird flach verpackt in einem platzsparenden und nachhaltigen Karton geliefert und kann ganz einfach zusammengebaut werden.<\/p>\n<p>AUSZEICHNUNGEN:<br \/>\nIF Design Award 2024<br \/>\nWallpaper Magazine Smart Space Award 2022<br \/>\nSch\u00f6ner Wohnen &#8222;Best Design\/Best of Lighting&#8220; 2022<br \/>\nSch\u00f6ner Wohnen &#8222;Best Design\/Best of Lighting&#8220; 2023<\/p>\n<p>&nbsp;<\/p>\n","protected":false},"featured_media":17912,"comment_status":"closed","ping_status":"closed","template":"","meta":[],"product_brand":[],"product_cat":[407,406,379,415],"product_tag":[561],"class_list":{"0":"post-18142","1":"product","2":"type-product","3":"status-publish","4":"has-post-thumbnail","6":"product_cat-echo-de","7":"product_cat-leuchten","8":"product_cat-neu","9":"product_cat-uncategorized-de","10":"product_tag-simon-busse-de","11":"product_shipping_class-dhl-shipping-up-to-03-kg","13":"first","14":"instock","15":"taxable","16":"shipping-taxable","17":"purchasable","18":"product-type-simple"},"yoast_head":"<!-- This site is optimized with the Yoast SEO Premium plugin v27.6 (Yoast SEO v27.6) - https:\/\/yoast.com\/product\/yoast-seo-premium-wordpress\/ -->\n<title>Echo Tischleuchte ultramarinblau &#8212; caussa<\/title>\n<meta name=\"description\" content=\"%\" \/>\n<meta name=\"robots\" content=\"index, follow, max-snippet:-1, max-image-preview:large, max-video-preview:-1\" \/>\n<link rel=\"canonical\" href=\"https:\/\/caussa.de\/de\/produkt\/echo-tabelle-lampe-grun-grau\/\" \/>\n<meta property=\"og:locale\" content=\"de_DE\" \/>\n<meta property=\"og:type\" content=\"article\" \/>\n<meta property=\"og:title\" content=\"Echo Tischleuchte ultramarinblau\" \/>\n<meta property=\"og:description\" content=\"%\" \/>\n<meta property=\"og:url\" content=\"https:\/\/caussa.de\/de\/produkt\/echo-tabelle-lampe-grun-grau\/\" \/>\n<meta property=\"og:site_name\" content=\"caussa\" \/>\n<meta property=\"article:publisher\" content=\"https:\/\/de-de.facebook.com\/pg\/caussa\/\" \/>\n<meta property=\"article:modified_time\" content=\"2026-05-13T10:41:54+00:00\" \/>\n<meta property=\"og:image\" content=\"https:\/\/caussa.de\/wp-content\/uploads\/2022\/02\/Echo-Lamp-Caussa-Busse-Product-Blue.jpg\" \/>\n\t<meta property=\"og:image:width\" content=\"1400\" \/>\n\t<meta property=\"og:image:height\" content=\"994\" \/>\n\t<meta property=\"og:image:type\" content=\"image\/jpeg\" \/>\n<meta name=\"twitter:card\" content=\"summary_large_image\" \/>\n<meta name=\"twitter:label1\" content=\"Preis\" \/>\n\t<meta name=\"twitter:data1\" content=\"&euro;479,00\" \/>\n\t<meta name=\"twitter:label2\" content=\"Verf\u00fcgbarkeit\" \/>\n\t<meta name=\"twitter:data2\" content=\"Auf Lager\" \/>\n<script type=\"application\/ld+json\" class=\"yoast-schema-graph\">{\"@context\":\"https:\\\/\\\/schema.org\",\"@graph\":[{\"@type\":\"WebPage\",\"@id\":\"https:\\\/\\\/caussa.de\\\/de\\\/produkt\\\/echo-tabelle-lampe-grun-grau\\\/\",\"url\":\"https:\\\/\\\/caussa.de\\\/de\\\/produkt\\\/echo-tabelle-lampe-grun-grau\\\/\",\"name\":\"Echo Tischleuchte ultramarinblau &#8212; caussa\",\"isPartOf\":{\"@id\":\"https:\\\/\\\/caussa.de\\\/de\\\/#website\"},\"primaryImageOfPage\":{\"@id\":\"https:\\\/\\\/caussa.de\\\/de\\\/produkt\\\/echo-tabelle-lampe-grun-grau\\\/#primaryimage\"},\"image\":{\"@id\":\"https:\\\/\\\/caussa.de\\\/de\\\/produkt\\\/echo-tabelle-lampe-grun-grau\\\/#primaryimage\"},\"thumbnailUrl\":\"https:\\\/\\\/caussa.de\\\/wp-content\\\/uploads\\\/2022\\\/02\\\/Echo-Lamp-Caussa-Busse-Product-Blue.jpg\",\"datePublished\":\"2021-02-16T17:12:57+00:00\",\"dateModified\":\"2026-05-13T10:41:54+00:00\",\"description\":\"%\",\"breadcrumb\":{\"@id\":\"https:\\\/\\\/caussa.de\\\/de\\\/produkt\\\/echo-tabelle-lampe-grun-grau\\\/#breadcrumb\"},\"inLanguage\":\"de\",\"potentialAction\":[{\"@type\":\"ReadAction\",\"target\":[\"https:\\\/\\\/caussa.de\\\/de\\\/produkt\\\/echo-tabelle-lampe-grun-grau\\\/\"]}]},{\"@type\":\"ImageObject\",\"inLanguage\":\"de\",\"@id\":\"https:\\\/\\\/caussa.de\\\/de\\\/produkt\\\/echo-tabelle-lampe-grun-grau\\\/#primaryimage\",\"url\":\"https:\\\/\\\/caussa.de\\\/wp-content\\\/uploads\\\/2022\\\/02\\\/Echo-Lamp-Caussa-Busse-Product-Blue.jpg\",\"contentUrl\":\"https:\\\/\\\/caussa.de\\\/wp-content\\\/uploads\\\/2022\\\/02\\\/Echo-Lamp-Caussa-Busse-Product-Blue.jpg\",\"width\":1400,\"height\":994},{\"@type\":\"BreadcrumbList\",\"@id\":\"https:\\\/\\\/caussa.de\\\/de\\\/produkt\\\/echo-tabelle-lampe-grun-grau\\\/#breadcrumb\",\"itemListElement\":[{\"@type\":\"ListItem\",\"position\":1,\"name\":\"Startseite\",\"item\":\"https:\\\/\\\/caussa.de\\\/de\\\/\"},{\"@type\":\"ListItem\",\"position\":2,\"name\":\"Shop\",\"item\":\"https:\\\/\\\/caussa.de\\\/de\\\/shop\\\/\"},{\"@type\":\"ListItem\",\"position\":3,\"name\":\"Echo Tischleuchte ultramarinblau\"}]},{\"@type\":\"WebSite\",\"@id\":\"https:\\\/\\\/caussa.de\\\/de\\\/#website\",\"url\":\"https:\\\/\\\/caussa.de\\\/de\\\/\",\"name\":\"caussa\",\"description\":\"Eine andere WordPress-Site.\",\"publisher\":{\"@id\":\"https:\\\/\\\/caussa.de\\\/de\\\/#organization\"},\"potentialAction\":[{\"@type\":\"SearchAction\",\"target\":{\"@type\":\"EntryPoint\",\"urlTemplate\":\"https:\\\/\\\/caussa.de\\\/de\\\/?s={search_term_string}\"},\"query-input\":{\"@type\":\"PropertyValueSpecification\",\"valueRequired\":true,\"valueName\":\"search_term_string\"}}],\"inLanguage\":\"de\"},{\"@type\":\"Organization\",\"@id\":\"https:\\\/\\\/caussa.de\\\/de\\\/#organization\",\"name\":\"caussa\",\"url\":\"https:\\\/\\\/caussa.de\\\/de\\\/\",\"logo\":{\"@type\":\"ImageObject\",\"inLanguage\":\"de\",\"@id\":\"https:\\\/\\\/caussa.de\\\/de\\\/#\\\/schema\\\/logo\\\/image\\\/\",\"url\":\"https:\\\/\\\/caussa.de\\\/wp-content\\\/uploads\\\/2021\\\/05\\\/CaussaLogo2021B.png\",\"contentUrl\":\"https:\\\/\\\/caussa.de\\\/wp-content\\\/uploads\\\/2021\\\/05\\\/CaussaLogo2021B.png\",\"width\":800,\"height\":274,\"caption\":\"caussa\"},\"image\":{\"@id\":\"https:\\\/\\\/caussa.de\\\/de\\\/#\\\/schema\\\/logo\\\/image\\\/\"},\"sameAs\":[\"https:\\\/\\\/de-de.facebook.com\\\/pg\\\/caussa\\\/\",\"https:\\\/\\\/www.instagram.com\\\/caussadesign\\\/\",\"https:\\\/\\\/www.linkedin.com\\\/company\\\/caussa\\\/\",\"https:\\\/\\\/www.pinterest.de\\\/caussafurniture\\\/\"]}]}<\/script>\n<meta property=\"product:price:amount\" content=\"479.00\" \/>\n<meta property=\"product:price:currency\" content=\"EUR\" \/>\n<meta property=\"og:availability\" content=\"instock\" \/>\n<meta property=\"product:availability\" content=\"instock\" \/>\n<meta property=\"product:retailer_item_id\" content=\"CA-010137\" \/>\n<meta property=\"product:condition\" content=\"new\" \/>\n<!-- \/ Yoast SEO Premium plugin. -->","yoast_head_json":{"title":"Echo Tischleuchte ultramarinblau &#8212; caussa","description":"%","robots":{"index":"index","follow":"follow","max-snippet":"max-snippet:-1","max-image-preview":"max-image-preview:large","max-video-preview":"max-video-preview:-1"},"canonical":"https:\/\/caussa.de\/de\/produkt\/echo-tabelle-lampe-grun-grau\/","og_locale":"de_DE","og_type":"article","og_title":"Echo Tischleuchte ultramarinblau","og_description":"%","og_url":"https:\/\/caussa.de\/de\/produkt\/echo-tabelle-lampe-grun-grau\/","og_site_name":"caussa","article_publisher":"https:\/\/de-de.facebook.com\/pg\/caussa\/","article_modified_time":"2026-05-13T10:41:54+00:00","og_image":[{"width":1400,"height":994,"url":"https:\/\/caussa.de\/wp-content\/uploads\/2022\/02\/Echo-Lamp-Caussa-Busse-Product-Blue.jpg","type":"image\/jpeg"}],"twitter_card":"summary_large_image","twitter_misc":{"Preis":"&euro;479,00","Verf\u00fcgbarkeit":"Auf Lager"},"schema":{"@context":"https:\/\/schema.org","@graph":[{"@type":"WebPage","@id":"https:\/\/caussa.de\/de\/produkt\/echo-tabelle-lampe-grun-grau\/","url":"https:\/\/caussa.de\/de\/produkt\/echo-tabelle-lampe-grun-grau\/","name":"Echo Tischleuchte ultramarinblau &#8212; caussa","isPartOf":{"@id":"https:\/\/caussa.de\/de\/#website"},"primaryImageOfPage":{"@id":"https:\/\/caussa.de\/de\/produkt\/echo-tabelle-lampe-grun-grau\/#primaryimage"},"image":{"@id":"https:\/\/caussa.de\/de\/produkt\/echo-tabelle-lampe-grun-grau\/#primaryimage"},"thumbnailUrl":"https:\/\/caussa.de\/wp-content\/uploads\/2022\/02\/Echo-Lamp-Caussa-Busse-Product-Blue.jpg","datePublished":"2021-02-16T17:12:57+00:00","dateModified":"2026-05-13T10:41:54+00:00","description":"%","breadcrumb":{"@id":"https:\/\/caussa.de\/de\/produkt\/echo-tabelle-lampe-grun-grau\/#breadcrumb"},"inLanguage":"de","potentialAction":[{"@type":"ReadAction","target":["https:\/\/caussa.de\/de\/produkt\/echo-tabelle-lampe-grun-grau\/"]}]},{"@type":"ImageObject","inLanguage":"de","@id":"https:\/\/caussa.de\/de\/produkt\/echo-tabelle-lampe-grun-grau\/#primaryimage","url":"https:\/\/caussa.de\/wp-content\/uploads\/2022\/02\/Echo-Lamp-Caussa-Busse-Product-Blue.jpg","contentUrl":"https:\/\/caussa.de\/wp-content\/uploads\/2022\/02\/Echo-Lamp-Caussa-Busse-Product-Blue.jpg","width":1400,"height":994},{"@type":"BreadcrumbList","@id":"https:\/\/caussa.de\/de\/produkt\/echo-tabelle-lampe-grun-grau\/#breadcrumb","itemListElement":[{"@type":"ListItem","position":1,"name":"Startseite","item":"https:\/\/caussa.de\/de\/"},{"@type":"ListItem","position":2,"name":"Shop","item":"https:\/\/caussa.de\/de\/shop\/"},{"@type":"ListItem","position":3,"name":"Echo Tischleuchte ultramarinblau"}]},{"@type":"WebSite","@id":"https:\/\/caussa.de\/de\/#website","url":"https:\/\/caussa.de\/de\/","name":"caussa","description":"Eine andere WordPress-Site.","publisher":{"@id":"https:\/\/caussa.de\/de\/#organization"},"potentialAction":[{"@type":"SearchAction","target":{"@type":"EntryPoint","urlTemplate":"https:\/\/caussa.de\/de\/?s={search_term_string}"},"query-input":{"@type":"PropertyValueSpecification","valueRequired":true,"valueName":"search_term_string"}}],"inLanguage":"de"},{"@type":"Organization","@id":"https:\/\/caussa.de\/de\/#organization","name":"caussa","url":"https:\/\/caussa.de\/de\/","logo":{"@type":"ImageObject","inLanguage":"de","@id":"https:\/\/caussa.de\/de\/#\/schema\/logo\/image\/","url":"https:\/\/caussa.de\/wp-content\/uploads\/2021\/05\/CaussaLogo2021B.png","contentUrl":"https:\/\/caussa.de\/wp-content\/uploads\/2021\/05\/CaussaLogo2021B.png","width":800,"height":274,"caption":"caussa"},"image":{"@id":"https:\/\/caussa.de\/de\/#\/schema\/logo\/image\/"},"sameAs":["https:\/\/de-de.facebook.com\/pg\/caussa\/","https:\/\/www.instagram.com\/caussadesign\/","https:\/\/www.linkedin.com\/company\/caussa\/","https:\/\/www.pinterest.de\/caussafurniture\/"]}]},"product_price_amount":"479.00","product_price_currency":"EUR","og_availability":"instock","product_availability":"instock","product_retailer_item_id":"CA-010137","product_condition":"new"},"jetpack_sharing_enabled":true,"_links":{"self":[{"href":"https:\/\/caussa.de\/de\/wp-json\/wp\/v2\/product\/18142","targetHints":{"allow":["GET"]}}],"collection":[{"href":"https:\/\/caussa.de\/de\/wp-json\/wp\/v2\/product"}],"about":[{"href":"https:\/\/caussa.de\/de\/wp-json\/wp\/v2\/types\/product"}],"replies":[{"embeddable":true,"href":"https:\/\/caussa.de\/de\/wp-json\/wp\/v2\/comments?post=18142"}],"wp:featuredmedia":[{"embeddable":true,"href":"https:\/\/caussa.de\/de\/wp-json\/wp\/v2\/media\/17912"}],"wp:attachment":[{"href":"https:\/\/caussa.de\/de\/wp-json\/wp\/v2\/media?parent=18142"}],"wp:term":[{"taxonomy":"product_brand","embeddable":true,"href":"https:\/\/caussa.de\/de\/wp-json\/wp\/v2\/product_brand?post=18142"},{"taxonomy":"product_cat","embeddable":true,"href":"https:\/\/caussa.de\/de\/wp-json\/wp\/v2\/product_cat?post=18142"},{"taxonomy":"product_tag","embeddable":true,"href":"https:\/\/caussa.de\/de\/wp-json\/wp\/v2\/product_tag?post=18142"}],"curies":[{"name":"wp","href":"https:\/\/api.w.org\/{rel}","templated":true}]}}