{"id":18892,"date":"2026-05-13T14:56:14","date_gmt":"2026-05-13T14:56:14","guid":{"rendered":"https:\/\/caussa.de\/?post_type=product&#038;p=18892"},"modified":"2026-05-13T14:56:15","modified_gmt":"2026-05-13T14:56:15","slug":"echo-tischleuchte-ultramarinblau-copy","status":"publish","type":"product","link":"https:\/\/caussa.de\/de\/produkt\/echo-tischleuchte-ultramarinblau-copy\/","title":{"rendered":"Echo Stehleuchte ultramarinblau"},"content":{"rendered":"","protected":false},"excerpt":{"rendered":"<p>Wie die preisgekr\u00f6nte kleine Echo Tischleuchte besticht auch die Version als Steh- und Leseleuchte durch ihre besonders intuitive Bedienung, ihre raffiniert gestaltete modulare Metallstruktur und ihr ikonisches Aussehen. Der runde Kopf mit der LED-Lichtquelle ist drehbar und l\u00e4sst sich in der Schiene des Lampensockels leicht in der H\u00f6he verstellen, so dass eine Vielzahl von Lichtausrichtungen m\u00f6glich ist. Mit der im Kopf verborgenen Gestensteuerung l\u00e4sst sich das Licht stufenlos dimmen und mit einer einfachen Handbewegung ein- und ausschalten. Inspiriert von der Form einer Stimmgabel ist die Echo Stehleuchte eine ideale Leselampe neben dem Sofa oder dem Sessel, kann aber auch als Deckenstrahler verwendet werden, der ein stimmungsvolles, blendfreies Licht erzeugt. Echo steht f\u00fcr Pr\u00e4zisionsmechanik made in Germany, die mit neuester Technologie und besten Materialien in zeitgem\u00e4\u00dfem Design ausgef\u00fchrt wird. Die Leuchte wird flach verpackt in einem platzsparenden und nachhaltigen Karton geliefert und kann ganz einfach zusammengebaut werden.<\/p>\n<p>AUSZEICHNUNGEN:<br \/>\nIF Design Award 2024<br \/>\nWallpaper Magazine Smart Space Award 2022<br \/>\nSch\u00f6ner Wohnen &#8222;Best Design\/Best of Lighting&#8220; 2022<br \/>\nSch\u00f6ner Wohnen &#8222;Best Design\/Best of Lighting&#8220; 2023<\/p>\n<p>&nbsp;<\/p>\n","protected":false},"featured_media":18821,"comment_status":"closed","ping_status":"closed","template":"","meta":[],"product_brand":[],"product_cat":[407,406,379],"product_tag":[561],"class_list":{"0":"post-18892","1":"product","2":"type-product","3":"status-publish","4":"has-post-thumbnail","6":"product_cat-echo-de","7":"product_cat-leuchten","8":"product_cat-neu","9":"product_tag-simon-busse-de","10":"product_shipping_class-dhl-shipping-up-to-5-kg","12":"first","13":"outofstock","14":"taxable","15":"shipping-taxable","16":"purchasable","17":"product-type-simple"},"yoast_head":"<!-- This site is optimized with the Yoast SEO Premium plugin v27.6 (Yoast SEO v27.6) - https:\/\/yoast.com\/product\/yoast-seo-premium-wordpress\/ -->\n<title>Echo Stehleuchte ultramarinblau &#8212; caussa<\/title>\n<meta name=\"description\" content=\"%\" \/>\n<meta name=\"robots\" content=\"index, follow, max-snippet:-1, max-image-preview:large, max-video-preview:-1\" \/>\n<link rel=\"canonical\" href=\"https:\/\/caussa.de\/de\/produkt\/echo-tischleuchte-ultramarinblau-copy\/\" \/>\n<meta property=\"og:locale\" content=\"de_DE\" \/>\n<meta property=\"og:type\" content=\"article\" \/>\n<meta property=\"og:title\" content=\"Echo Stehleuchte ultramarinblau\" \/>\n<meta property=\"og:description\" content=\"%\" \/>\n<meta property=\"og:url\" content=\"https:\/\/caussa.de\/de\/produkt\/echo-tischleuchte-ultramarinblau-copy\/\" \/>\n<meta property=\"og:site_name\" content=\"caussa\" \/>\n<meta property=\"article:publisher\" content=\"https:\/\/de-de.facebook.com\/pg\/caussa\/\" \/>\n<meta property=\"article:modified_time\" content=\"2026-05-13T14:56:15+00:00\" \/>\n<meta property=\"og:image\" content=\"https:\/\/caussa.de\/wp-content\/uploads\/2022\/11\/Echo-FloorLamp-Caussa-Busse-01-blue-1.jpg\" \/>\n\t<meta property=\"og:image:width\" content=\"1400\" \/>\n\t<meta property=\"og:image:height\" content=\"994\" \/>\n\t<meta property=\"og:image:type\" content=\"image\/jpeg\" \/>\n<meta name=\"twitter:card\" content=\"summary_large_image\" \/>\n<meta name=\"twitter:label1\" content=\"Preis\" \/>\n\t<meta name=\"twitter:data1\" content=\"&euro;849,00\" \/>\n\t<meta name=\"twitter:label2\" content=\"Verf\u00fcgbarkeit\" \/>\n\t<meta name=\"twitter:data2\" content=\"ausverkauft\" \/>\n<script type=\"application\/ld+json\" class=\"yoast-schema-graph\">{\"@context\":\"https:\\\/\\\/schema.org\",\"@graph\":[{\"@type\":\"WebPage\",\"@id\":\"https:\\\/\\\/caussa.de\\\/de\\\/produkt\\\/echo-tischleuchte-ultramarinblau-copy\\\/\",\"url\":\"https:\\\/\\\/caussa.de\\\/de\\\/produkt\\\/echo-tischleuchte-ultramarinblau-copy\\\/\",\"name\":\"Echo Stehleuchte ultramarinblau &#8212; caussa\",\"isPartOf\":{\"@id\":\"https:\\\/\\\/caussa.de\\\/de\\\/#website\"},\"primaryImageOfPage\":{\"@id\":\"https:\\\/\\\/caussa.de\\\/de\\\/produkt\\\/echo-tischleuchte-ultramarinblau-copy\\\/#primaryimage\"},\"image\":{\"@id\":\"https:\\\/\\\/caussa.de\\\/de\\\/produkt\\\/echo-tischleuchte-ultramarinblau-copy\\\/#primaryimage\"},\"thumbnailUrl\":\"https:\\\/\\\/caussa.de\\\/wp-content\\\/uploads\\\/2022\\\/11\\\/Echo-FloorLamp-Caussa-Busse-01-blue-1.jpg\",\"datePublished\":\"2026-05-13T14:56:14+00:00\",\"dateModified\":\"2026-05-13T14:56:15+00:00\",\"description\":\"%\",\"breadcrumb\":{\"@id\":\"https:\\\/\\\/caussa.de\\\/de\\\/produkt\\\/echo-tischleuchte-ultramarinblau-copy\\\/#breadcrumb\"},\"inLanguage\":\"de\",\"potentialAction\":[{\"@type\":\"ReadAction\",\"target\":[\"https:\\\/\\\/caussa.de\\\/de\\\/produkt\\\/echo-tischleuchte-ultramarinblau-copy\\\/\"]}]},{\"@type\":\"ImageObject\",\"inLanguage\":\"de\",\"@id\":\"https:\\\/\\\/caussa.de\\\/de\\\/produkt\\\/echo-tischleuchte-ultramarinblau-copy\\\/#primaryimage\",\"url\":\"https:\\\/\\\/caussa.de\\\/wp-content\\\/uploads\\\/2022\\\/11\\\/Echo-FloorLamp-Caussa-Busse-01-blue-1.jpg\",\"contentUrl\":\"https:\\\/\\\/caussa.de\\\/wp-content\\\/uploads\\\/2022\\\/11\\\/Echo-FloorLamp-Caussa-Busse-01-blue-1.jpg\",\"width\":1400,\"height\":994},{\"@type\":\"BreadcrumbList\",\"@id\":\"https:\\\/\\\/caussa.de\\\/de\\\/produkt\\\/echo-tischleuchte-ultramarinblau-copy\\\/#breadcrumb\",\"itemListElement\":[{\"@type\":\"ListItem\",\"position\":1,\"name\":\"Startseite\",\"item\":\"https:\\\/\\\/caussa.de\\\/de\\\/\"},{\"@type\":\"ListItem\",\"position\":2,\"name\":\"Shop\",\"item\":\"https:\\\/\\\/caussa.de\\\/de\\\/shop\\\/\"},{\"@type\":\"ListItem\",\"position\":3,\"name\":\"Echo Stehleuchte ultramarinblau\"}]},{\"@type\":\"WebSite\",\"@id\":\"https:\\\/\\\/caussa.de\\\/de\\\/#website\",\"url\":\"https:\\\/\\\/caussa.de\\\/de\\\/\",\"name\":\"caussa\",\"description\":\"Eine andere WordPress-Site.\",\"publisher\":{\"@id\":\"https:\\\/\\\/caussa.de\\\/de\\\/#organization\"},\"potentialAction\":[{\"@type\":\"SearchAction\",\"target\":{\"@type\":\"EntryPoint\",\"urlTemplate\":\"https:\\\/\\\/caussa.de\\\/de\\\/?s={search_term_string}\"},\"query-input\":{\"@type\":\"PropertyValueSpecification\",\"valueRequired\":true,\"valueName\":\"search_term_string\"}}],\"inLanguage\":\"de\"},{\"@type\":\"Organization\",\"@id\":\"https:\\\/\\\/caussa.de\\\/de\\\/#organization\",\"name\":\"caussa\",\"url\":\"https:\\\/\\\/caussa.de\\\/de\\\/\",\"logo\":{\"@type\":\"ImageObject\",\"inLanguage\":\"de\",\"@id\":\"https:\\\/\\\/caussa.de\\\/de\\\/#\\\/schema\\\/logo\\\/image\\\/\",\"url\":\"https:\\\/\\\/caussa.de\\\/wp-content\\\/uploads\\\/2021\\\/05\\\/CaussaLogo2021B.png\",\"contentUrl\":\"https:\\\/\\\/caussa.de\\\/wp-content\\\/uploads\\\/2021\\\/05\\\/CaussaLogo2021B.png\",\"width\":800,\"height\":274,\"caption\":\"caussa\"},\"image\":{\"@id\":\"https:\\\/\\\/caussa.de\\\/de\\\/#\\\/schema\\\/logo\\\/image\\\/\"},\"sameAs\":[\"https:\\\/\\\/de-de.facebook.com\\\/pg\\\/caussa\\\/\",\"https:\\\/\\\/www.instagram.com\\\/caussadesign\\\/\",\"https:\\\/\\\/www.linkedin.com\\\/company\\\/caussa\\\/\",\"https:\\\/\\\/www.pinterest.de\\\/caussafurniture\\\/\"]}]}<\/script>\n<meta property=\"product:price:amount\" content=\"849.00\" \/>\n<meta property=\"product:price:currency\" content=\"EUR\" \/>\n<meta property=\"og:availability\" content=\"out of stock\" \/>\n<meta property=\"product:availability\" content=\"out of stock\" \/>\n<meta property=\"product:retailer_item_id\" content=\"CA-010151\" \/>\n<meta property=\"product:condition\" content=\"new\" \/>\n<!-- \/ Yoast SEO Premium plugin. -->","yoast_head_json":{"title":"Echo Stehleuchte ultramarinblau &#8212; caussa","description":"%","robots":{"index":"index","follow":"follow","max-snippet":"max-snippet:-1","max-image-preview":"max-image-preview:large","max-video-preview":"max-video-preview:-1"},"canonical":"https:\/\/caussa.de\/de\/produkt\/echo-tischleuchte-ultramarinblau-copy\/","og_locale":"de_DE","og_type":"article","og_title":"Echo Stehleuchte ultramarinblau","og_description":"%","og_url":"https:\/\/caussa.de\/de\/produkt\/echo-tischleuchte-ultramarinblau-copy\/","og_site_name":"caussa","article_publisher":"https:\/\/de-de.facebook.com\/pg\/caussa\/","article_modified_time":"2026-05-13T14:56:15+00:00","og_image":[{"width":1400,"height":994,"url":"https:\/\/caussa.de\/wp-content\/uploads\/2022\/11\/Echo-FloorLamp-Caussa-Busse-01-blue-1.jpg","type":"image\/jpeg"}],"twitter_card":"summary_large_image","twitter_misc":{"Preis":"&euro;849,00","Verf\u00fcgbarkeit":"ausverkauft"},"schema":{"@context":"https:\/\/schema.org","@graph":[{"@type":"WebPage","@id":"https:\/\/caussa.de\/de\/produkt\/echo-tischleuchte-ultramarinblau-copy\/","url":"https:\/\/caussa.de\/de\/produkt\/echo-tischleuchte-ultramarinblau-copy\/","name":"Echo Stehleuchte ultramarinblau &#8212; caussa","isPartOf":{"@id":"https:\/\/caussa.de\/de\/#website"},"primaryImageOfPage":{"@id":"https:\/\/caussa.de\/de\/produkt\/echo-tischleuchte-ultramarinblau-copy\/#primaryimage"},"image":{"@id":"https:\/\/caussa.de\/de\/produkt\/echo-tischleuchte-ultramarinblau-copy\/#primaryimage"},"thumbnailUrl":"https:\/\/caussa.de\/wp-content\/uploads\/2022\/11\/Echo-FloorLamp-Caussa-Busse-01-blue-1.jpg","datePublished":"2026-05-13T14:56:14+00:00","dateModified":"2026-05-13T14:56:15+00:00","description":"%","breadcrumb":{"@id":"https:\/\/caussa.de\/de\/produkt\/echo-tischleuchte-ultramarinblau-copy\/#breadcrumb"},"inLanguage":"de","potentialAction":[{"@type":"ReadAction","target":["https:\/\/caussa.de\/de\/produkt\/echo-tischleuchte-ultramarinblau-copy\/"]}]},{"@type":"ImageObject","inLanguage":"de","@id":"https:\/\/caussa.de\/de\/produkt\/echo-tischleuchte-ultramarinblau-copy\/#primaryimage","url":"https:\/\/caussa.de\/wp-content\/uploads\/2022\/11\/Echo-FloorLamp-Caussa-Busse-01-blue-1.jpg","contentUrl":"https:\/\/caussa.de\/wp-content\/uploads\/2022\/11\/Echo-FloorLamp-Caussa-Busse-01-blue-1.jpg","width":1400,"height":994},{"@type":"BreadcrumbList","@id":"https:\/\/caussa.de\/de\/produkt\/echo-tischleuchte-ultramarinblau-copy\/#breadcrumb","itemListElement":[{"@type":"ListItem","position":1,"name":"Startseite","item":"https:\/\/caussa.de\/de\/"},{"@type":"ListItem","position":2,"name":"Shop","item":"https:\/\/caussa.de\/de\/shop\/"},{"@type":"ListItem","position":3,"name":"Echo Stehleuchte ultramarinblau"}]},{"@type":"WebSite","@id":"https:\/\/caussa.de\/de\/#website","url":"https:\/\/caussa.de\/de\/","name":"caussa","description":"Eine andere WordPress-Site.","publisher":{"@id":"https:\/\/caussa.de\/de\/#organization"},"potentialAction":[{"@type":"SearchAction","target":{"@type":"EntryPoint","urlTemplate":"https:\/\/caussa.de\/de\/?s={search_term_string}"},"query-input":{"@type":"PropertyValueSpecification","valueRequired":true,"valueName":"search_term_string"}}],"inLanguage":"de"},{"@type":"Organization","@id":"https:\/\/caussa.de\/de\/#organization","name":"caussa","url":"https:\/\/caussa.de\/de\/","logo":{"@type":"ImageObject","inLanguage":"de","@id":"https:\/\/caussa.de\/de\/#\/schema\/logo\/image\/","url":"https:\/\/caussa.de\/wp-content\/uploads\/2021\/05\/CaussaLogo2021B.png","contentUrl":"https:\/\/caussa.de\/wp-content\/uploads\/2021\/05\/CaussaLogo2021B.png","width":800,"height":274,"caption":"caussa"},"image":{"@id":"https:\/\/caussa.de\/de\/#\/schema\/logo\/image\/"},"sameAs":["https:\/\/de-de.facebook.com\/pg\/caussa\/","https:\/\/www.instagram.com\/caussadesign\/","https:\/\/www.linkedin.com\/company\/caussa\/","https:\/\/www.pinterest.de\/caussafurniture\/"]}]},"product_price_amount":"849.00","product_price_currency":"EUR","og_availability":"out of stock","product_availability":"out of stock","product_retailer_item_id":"CA-010151","product_condition":"new"},"jetpack_sharing_enabled":true,"_links":{"self":[{"href":"https:\/\/caussa.de\/de\/wp-json\/wp\/v2\/product\/18892","targetHints":{"allow":["GET"]}}],"collection":[{"href":"https:\/\/caussa.de\/de\/wp-json\/wp\/v2\/product"}],"about":[{"href":"https:\/\/caussa.de\/de\/wp-json\/wp\/v2\/types\/product"}],"replies":[{"embeddable":true,"href":"https:\/\/caussa.de\/de\/wp-json\/wp\/v2\/comments?post=18892"}],"wp:featuredmedia":[{"embeddable":true,"href":"https:\/\/caussa.de\/de\/wp-json\/wp\/v2\/media\/18821"}],"wp:attachment":[{"href":"https:\/\/caussa.de\/de\/wp-json\/wp\/v2\/media?parent=18892"}],"wp:term":[{"taxonomy":"product_brand","embeddable":true,"href":"https:\/\/caussa.de\/de\/wp-json\/wp\/v2\/product_brand?post=18892"},{"taxonomy":"product_cat","embeddable":true,"href":"https:\/\/caussa.de\/de\/wp-json\/wp\/v2\/product_cat?post=18892"},{"taxonomy":"product_tag","embeddable":true,"href":"https:\/\/caussa.de\/de\/wp-json\/wp\/v2\/product_tag?post=18892"}],"curies":[{"name":"wp","href":"https:\/\/api.w.org\/{rel}","templated":true}]}}