{"id":19097,"date":"2026-05-13T14:56:12","date_gmt":"2026-05-13T14:56:12","guid":{"rendered":"https:\/\/caussa.de\/?post_type=product&#038;p=19097"},"modified":"2026-05-13T14:56:13","modified_gmt":"2026-05-13T14:56:13","slug":"echo-tischleuchte-rot-copy","status":"publish","type":"product","link":"https:\/\/caussa.de\/de\/produkt\/echo-tischleuchte-rot-copy\/","title":{"rendered":"Spin Wandhaken Eichenholz"},"content":{"rendered":"<p><strong>Designer:<\/strong> Simon Busse<br \/>\n<strong>Dimmbar:<\/strong> Ja<br \/>\n<strong>Gestensteuerung:<\/strong> Ja<br \/>\n<strong>Abmessungen:<\/strong> 16,2 \u00d7 10 \u00d7 34,2 cm<br \/>\n<strong>Material:<\/strong> Metall<\/p>\n","protected":false},"excerpt":{"rendered":"<p>Der Spin Wandhaken kombiniert ein raffiniertes minimalistisches Design mit universeller Verwendbarkeit. Seine gespiegelte Silhouette mit dem charakteristischen flie\u00dfenden \u00dcbergang zwischen beiden Elementen hebt das nat\u00fcrliche Holzmaterial hervor. Jeder Haken wird von Hand aus einem einzigen St\u00fcck Holz gedrechselt und anschlie\u00dfend mit Natur\u00f6l behandelt, um ein hochwertiges Finish zu gew\u00e4hrleisten.<br \/>\nSpin ist in drei verschiedenen Holzarten erh\u00e4ltlich &#8211; Eiche, Walnuss und Esche. Dadurch harmonieren sie perfekt mit den entsprechenden Materialien von B\u00f6den, Fensterrahmen oder Treppen und f\u00fcgen sich nahtlos in die Gestaltung verschiedener Innenr\u00e4ume ein. Dar\u00fcber hinaus bietet der Spin Wandhaken vielseitige M\u00f6glichkeiten, da mehrere Haken gemeinsam an der Wand angebracht werden k\u00f6nnen.    <\/p>\n","protected":false},"featured_media":19150,"comment_status":"closed","ping_status":"closed","template":"","meta":[],"product_brand":[],"product_cat":[381,392,391,379],"product_tag":[420],"class_list":{"0":"post-19097","1":"product","2":"type-product","3":"status-publish","4":"has-post-thumbnail","6":"product_cat-accessoires-de","7":"product_cat-kleiderhaken","8":"product_cat-moebel","9":"product_cat-neu","10":"product_tag-andreas-kowalewski-de","11":"product_shipping_class-dhl-shipping-up-to-03-kg","13":"first","14":"instock","15":"taxable","16":"shipping-taxable","17":"purchasable","18":"product-type-simple"},"yoast_head":"<!-- This site is optimized with the Yoast SEO Premium plugin v27.6 (Yoast SEO v27.6) - https:\/\/yoast.com\/product\/yoast-seo-premium-wordpress\/ -->\n<title>Spin Wandhaken Eichenholz &#8212; caussa<\/title>\n<meta name=\"description\" content=\"Die handgefertigten Spin-Wandhaken sind in drei verschiedenen Holzarten erh\u00e4ltlich, so dass sie sich leicht an verschiedene Innenr\u00e4ume anpassen lassen.\" \/>\n<meta name=\"robots\" content=\"index, follow, max-snippet:-1, max-image-preview:large, max-video-preview:-1\" \/>\n<link rel=\"canonical\" href=\"https:\/\/caussa.de\/de\/produkt\/echo-tischleuchte-rot-copy\/\" \/>\n<meta property=\"og:locale\" content=\"de_DE\" \/>\n<meta property=\"og:type\" content=\"article\" \/>\n<meta property=\"og:title\" content=\"Spin Wandhaken Eichenholz\" \/>\n<meta property=\"og:description\" content=\"Die handgefertigten Spin-Wandhaken sind in drei verschiedenen Holzarten erh\u00e4ltlich, so dass sie sich leicht an verschiedene Innenr\u00e4ume anpassen lassen.\" \/>\n<meta property=\"og:url\" content=\"https:\/\/caussa.de\/de\/produkt\/echo-tischleuchte-rot-copy\/\" \/>\n<meta property=\"og:site_name\" content=\"caussa\" \/>\n<meta property=\"article:publisher\" content=\"https:\/\/de-de.facebook.com\/pg\/caussa\/\" \/>\n<meta property=\"article:modified_time\" content=\"2026-05-13T14:56:13+00:00\" \/>\n<meta property=\"og:image\" content=\"https:\/\/caussa.de\/wp-content\/uploads\/2023\/08\/Spin_Wallhook_Oak_01_Caussa-1.jpg\" \/>\n\t<meta property=\"og:image:width\" content=\"1301\" \/>\n\t<meta property=\"og:image:height\" content=\"923\" \/>\n\t<meta property=\"og:image:type\" content=\"image\/jpeg\" \/>\n<meta name=\"twitter:card\" content=\"summary_large_image\" \/>\n<meta name=\"twitter:label1\" content=\"Preis\" \/>\n\t<meta name=\"twitter:data1\" content=\"&euro;34,90\" \/>\n\t<meta name=\"twitter:label2\" content=\"Verf\u00fcgbarkeit\" \/>\n\t<meta name=\"twitter:data2\" content=\"Auf Lager\" \/>\n<script type=\"application\/ld+json\" class=\"yoast-schema-graph\">{\"@context\":\"https:\\\/\\\/schema.org\",\"@graph\":[{\"@type\":\"WebPage\",\"@id\":\"https:\\\/\\\/caussa.de\\\/de\\\/produkt\\\/echo-tischleuchte-rot-copy\\\/\",\"url\":\"https:\\\/\\\/caussa.de\\\/de\\\/produkt\\\/echo-tischleuchte-rot-copy\\\/\",\"name\":\"Spin Wandhaken Eichenholz &#8212; caussa\",\"isPartOf\":{\"@id\":\"https:\\\/\\\/caussa.de\\\/de\\\/#website\"},\"primaryImageOfPage\":{\"@id\":\"https:\\\/\\\/caussa.de\\\/de\\\/produkt\\\/echo-tischleuchte-rot-copy\\\/#primaryimage\"},\"image\":{\"@id\":\"https:\\\/\\\/caussa.de\\\/de\\\/produkt\\\/echo-tischleuchte-rot-copy\\\/#primaryimage\"},\"thumbnailUrl\":\"https:\\\/\\\/caussa.de\\\/wp-content\\\/uploads\\\/2023\\\/08\\\/Spin_Wallhook_Oak_01_Caussa-1.jpg\",\"datePublished\":\"2026-05-13T14:56:12+00:00\",\"dateModified\":\"2026-05-13T14:56:13+00:00\",\"description\":\"Die handgefertigten Spin-Wandhaken sind in drei verschiedenen Holzarten erh\u00e4ltlich, so dass sie sich leicht an verschiedene Innenr\u00e4ume anpassen lassen.\",\"breadcrumb\":{\"@id\":\"https:\\\/\\\/caussa.de\\\/de\\\/produkt\\\/echo-tischleuchte-rot-copy\\\/#breadcrumb\"},\"inLanguage\":\"de\",\"potentialAction\":[{\"@type\":\"ReadAction\",\"target\":[\"https:\\\/\\\/caussa.de\\\/de\\\/produkt\\\/echo-tischleuchte-rot-copy\\\/\"]}]},{\"@type\":\"ImageObject\",\"inLanguage\":\"de\",\"@id\":\"https:\\\/\\\/caussa.de\\\/de\\\/produkt\\\/echo-tischleuchte-rot-copy\\\/#primaryimage\",\"url\":\"https:\\\/\\\/caussa.de\\\/wp-content\\\/uploads\\\/2023\\\/08\\\/Spin_Wallhook_Oak_01_Caussa-1.jpg\",\"contentUrl\":\"https:\\\/\\\/caussa.de\\\/wp-content\\\/uploads\\\/2023\\\/08\\\/Spin_Wallhook_Oak_01_Caussa-1.jpg\",\"width\":1301,\"height\":923},{\"@type\":\"BreadcrumbList\",\"@id\":\"https:\\\/\\\/caussa.de\\\/de\\\/produkt\\\/echo-tischleuchte-rot-copy\\\/#breadcrumb\",\"itemListElement\":[{\"@type\":\"ListItem\",\"position\":1,\"name\":\"Startseite\",\"item\":\"https:\\\/\\\/caussa.de\\\/de\\\/\"},{\"@type\":\"ListItem\",\"position\":2,\"name\":\"Shop\",\"item\":\"https:\\\/\\\/caussa.de\\\/de\\\/shop\\\/\"},{\"@type\":\"ListItem\",\"position\":3,\"name\":\"Spin Wandhaken Eichenholz\"}]},{\"@type\":\"WebSite\",\"@id\":\"https:\\\/\\\/caussa.de\\\/de\\\/#website\",\"url\":\"https:\\\/\\\/caussa.de\\\/de\\\/\",\"name\":\"caussa\",\"description\":\"Eine andere WordPress-Site.\",\"publisher\":{\"@id\":\"https:\\\/\\\/caussa.de\\\/de\\\/#organization\"},\"potentialAction\":[{\"@type\":\"SearchAction\",\"target\":{\"@type\":\"EntryPoint\",\"urlTemplate\":\"https:\\\/\\\/caussa.de\\\/de\\\/?s={search_term_string}\"},\"query-input\":{\"@type\":\"PropertyValueSpecification\",\"valueRequired\":true,\"valueName\":\"search_term_string\"}}],\"inLanguage\":\"de\"},{\"@type\":\"Organization\",\"@id\":\"https:\\\/\\\/caussa.de\\\/de\\\/#organization\",\"name\":\"caussa\",\"url\":\"https:\\\/\\\/caussa.de\\\/de\\\/\",\"logo\":{\"@type\":\"ImageObject\",\"inLanguage\":\"de\",\"@id\":\"https:\\\/\\\/caussa.de\\\/de\\\/#\\\/schema\\\/logo\\\/image\\\/\",\"url\":\"https:\\\/\\\/caussa.de\\\/wp-content\\\/uploads\\\/2021\\\/05\\\/CaussaLogo2021B.png\",\"contentUrl\":\"https:\\\/\\\/caussa.de\\\/wp-content\\\/uploads\\\/2021\\\/05\\\/CaussaLogo2021B.png\",\"width\":800,\"height\":274,\"caption\":\"caussa\"},\"image\":{\"@id\":\"https:\\\/\\\/caussa.de\\\/de\\\/#\\\/schema\\\/logo\\\/image\\\/\"},\"sameAs\":[\"https:\\\/\\\/de-de.facebook.com\\\/pg\\\/caussa\\\/\",\"https:\\\/\\\/www.instagram.com\\\/caussadesign\\\/\",\"https:\\\/\\\/www.linkedin.com\\\/company\\\/caussa\\\/\",\"https:\\\/\\\/www.pinterest.de\\\/caussafurniture\\\/\"]}]}<\/script>\n<meta property=\"product:price:amount\" content=\"34.90\" \/>\n<meta property=\"product:price:currency\" content=\"EUR\" \/>\n<meta property=\"og:availability\" content=\"instock\" \/>\n<meta property=\"product:availability\" content=\"instock\" \/>\n<meta property=\"product:retailer_item_id\" content=\"CA-010152\" \/>\n<meta property=\"product:condition\" content=\"new\" \/>\n<!-- \/ Yoast SEO Premium plugin. -->","yoast_head_json":{"title":"Spin Wandhaken Eichenholz &#8212; caussa","description":"Die handgefertigten Spin-Wandhaken sind in drei verschiedenen Holzarten erh\u00e4ltlich, so dass sie sich leicht an verschiedene Innenr\u00e4ume anpassen lassen.","robots":{"index":"index","follow":"follow","max-snippet":"max-snippet:-1","max-image-preview":"max-image-preview:large","max-video-preview":"max-video-preview:-1"},"canonical":"https:\/\/caussa.de\/de\/produkt\/echo-tischleuchte-rot-copy\/","og_locale":"de_DE","og_type":"article","og_title":"Spin Wandhaken Eichenholz","og_description":"Die handgefertigten Spin-Wandhaken sind in drei verschiedenen Holzarten erh\u00e4ltlich, so dass sie sich leicht an verschiedene Innenr\u00e4ume anpassen lassen.","og_url":"https:\/\/caussa.de\/de\/produkt\/echo-tischleuchte-rot-copy\/","og_site_name":"caussa","article_publisher":"https:\/\/de-de.facebook.com\/pg\/caussa\/","article_modified_time":"2026-05-13T14:56:13+00:00","og_image":[{"width":1301,"height":923,"url":"https:\/\/caussa.de\/wp-content\/uploads\/2023\/08\/Spin_Wallhook_Oak_01_Caussa-1.jpg","type":"image\/jpeg"}],"twitter_card":"summary_large_image","twitter_misc":{"Preis":"&euro;34,90","Verf\u00fcgbarkeit":"Auf Lager"},"schema":{"@context":"https:\/\/schema.org","@graph":[{"@type":"WebPage","@id":"https:\/\/caussa.de\/de\/produkt\/echo-tischleuchte-rot-copy\/","url":"https:\/\/caussa.de\/de\/produkt\/echo-tischleuchte-rot-copy\/","name":"Spin Wandhaken Eichenholz &#8212; caussa","isPartOf":{"@id":"https:\/\/caussa.de\/de\/#website"},"primaryImageOfPage":{"@id":"https:\/\/caussa.de\/de\/produkt\/echo-tischleuchte-rot-copy\/#primaryimage"},"image":{"@id":"https:\/\/caussa.de\/de\/produkt\/echo-tischleuchte-rot-copy\/#primaryimage"},"thumbnailUrl":"https:\/\/caussa.de\/wp-content\/uploads\/2023\/08\/Spin_Wallhook_Oak_01_Caussa-1.jpg","datePublished":"2026-05-13T14:56:12+00:00","dateModified":"2026-05-13T14:56:13+00:00","description":"Die handgefertigten Spin-Wandhaken sind in drei verschiedenen Holzarten erh\u00e4ltlich, so dass sie sich leicht an verschiedene Innenr\u00e4ume anpassen lassen.","breadcrumb":{"@id":"https:\/\/caussa.de\/de\/produkt\/echo-tischleuchte-rot-copy\/#breadcrumb"},"inLanguage":"de","potentialAction":[{"@type":"ReadAction","target":["https:\/\/caussa.de\/de\/produkt\/echo-tischleuchte-rot-copy\/"]}]},{"@type":"ImageObject","inLanguage":"de","@id":"https:\/\/caussa.de\/de\/produkt\/echo-tischleuchte-rot-copy\/#primaryimage","url":"https:\/\/caussa.de\/wp-content\/uploads\/2023\/08\/Spin_Wallhook_Oak_01_Caussa-1.jpg","contentUrl":"https:\/\/caussa.de\/wp-content\/uploads\/2023\/08\/Spin_Wallhook_Oak_01_Caussa-1.jpg","width":1301,"height":923},{"@type":"BreadcrumbList","@id":"https:\/\/caussa.de\/de\/produkt\/echo-tischleuchte-rot-copy\/#breadcrumb","itemListElement":[{"@type":"ListItem","position":1,"name":"Startseite","item":"https:\/\/caussa.de\/de\/"},{"@type":"ListItem","position":2,"name":"Shop","item":"https:\/\/caussa.de\/de\/shop\/"},{"@type":"ListItem","position":3,"name":"Spin Wandhaken Eichenholz"}]},{"@type":"WebSite","@id":"https:\/\/caussa.de\/de\/#website","url":"https:\/\/caussa.de\/de\/","name":"caussa","description":"Eine andere WordPress-Site.","publisher":{"@id":"https:\/\/caussa.de\/de\/#organization"},"potentialAction":[{"@type":"SearchAction","target":{"@type":"EntryPoint","urlTemplate":"https:\/\/caussa.de\/de\/?s={search_term_string}"},"query-input":{"@type":"PropertyValueSpecification","valueRequired":true,"valueName":"search_term_string"}}],"inLanguage":"de"},{"@type":"Organization","@id":"https:\/\/caussa.de\/de\/#organization","name":"caussa","url":"https:\/\/caussa.de\/de\/","logo":{"@type":"ImageObject","inLanguage":"de","@id":"https:\/\/caussa.de\/de\/#\/schema\/logo\/image\/","url":"https:\/\/caussa.de\/wp-content\/uploads\/2021\/05\/CaussaLogo2021B.png","contentUrl":"https:\/\/caussa.de\/wp-content\/uploads\/2021\/05\/CaussaLogo2021B.png","width":800,"height":274,"caption":"caussa"},"image":{"@id":"https:\/\/caussa.de\/de\/#\/schema\/logo\/image\/"},"sameAs":["https:\/\/de-de.facebook.com\/pg\/caussa\/","https:\/\/www.instagram.com\/caussadesign\/","https:\/\/www.linkedin.com\/company\/caussa\/","https:\/\/www.pinterest.de\/caussafurniture\/"]}]},"product_price_amount":"34.90","product_price_currency":"EUR","og_availability":"instock","product_availability":"instock","product_retailer_item_id":"CA-010152","product_condition":"new"},"jetpack_sharing_enabled":true,"_links":{"self":[{"href":"https:\/\/caussa.de\/de\/wp-json\/wp\/v2\/product\/19097","targetHints":{"allow":["GET"]}}],"collection":[{"href":"https:\/\/caussa.de\/de\/wp-json\/wp\/v2\/product"}],"about":[{"href":"https:\/\/caussa.de\/de\/wp-json\/wp\/v2\/types\/product"}],"replies":[{"embeddable":true,"href":"https:\/\/caussa.de\/de\/wp-json\/wp\/v2\/comments?post=19097"}],"wp:featuredmedia":[{"embeddable":true,"href":"https:\/\/caussa.de\/de\/wp-json\/wp\/v2\/media\/19150"}],"wp:attachment":[{"href":"https:\/\/caussa.de\/de\/wp-json\/wp\/v2\/media?parent=19097"}],"wp:term":[{"taxonomy":"product_brand","embeddable":true,"href":"https:\/\/caussa.de\/de\/wp-json\/wp\/v2\/product_brand?post=19097"},{"taxonomy":"product_cat","embeddable":true,"href":"https:\/\/caussa.de\/de\/wp-json\/wp\/v2\/product_cat?post=19097"},{"taxonomy":"product_tag","embeddable":true,"href":"https:\/\/caussa.de\/de\/wp-json\/wp\/v2\/product_tag?post=19097"}],"curies":[{"name":"wp","href":"https:\/\/api.w.org\/{rel}","templated":true}]}}