{"id":20029,"date":"2026-05-13T14:55:53","date_gmt":"2026-05-13T14:55:53","guid":{"rendered":"https:\/\/caussa.de\/?post_type=product&#038;p=20029"},"modified":"2026-05-13T14:55:54","modified_gmt":"2026-05-13T14:55:54","slug":"olifant-porzellan-seidengrau-kopie-kopie-kopie-kopie-kopie-kopie-kopie-kopie-kopie-kopie-kopie-kopie-kopie-kopie-kopie-kopie-kopie-kopie-kopie-kopie","status":"publish","type":"product","link":"https:\/\/caussa.de\/de\/produkt\/olifant-porzellan-seidengrau-kopie-kopie-kopie-kopie-kopie-kopie-kopie-kopie-kopie-kopie-kopie-kopie-kopie-kopie-kopie-kopie-kopie-kopie-kopie-kopie\/","title":{"rendered":"Hund Sonne gelb"},"content":{"rendered":"","protected":false},"excerpt":{"rendered":"<p><strong>Sind Sie Team Hund oder Team Katze?<\/strong><\/p>\n<p>Eine Frage, die die Menschen oft in zwei leidenschaftliche Lager spaltet.<\/p>\n<p>Mit unseren Porzellanfiguren bringen wir die treue Pr\u00e4senz von Hunden und die anmutige Eleganz von Katzen in Ihr Zuhause. Ob als Einzelst\u00fcck oder im harmonischen Duo, unsere Porzellanfiguren sind eine zeitlose Erg\u00e4nzung f\u00fcr jedes moderne Interieur. Unsere Skulpturen sind von den typischen Merkmalen unserer geliebten Hunde und Katzen inspiriert. Das abstrakte und doch unverwechselbare Design verleiht jeder Figur eine lebendige und ikonische Pr\u00e4senz. Unsere in Deutschland hergestellten Hunde und Katzen sind in verschiedenen Glasuren erh\u00e4ltlich, so dass Sie diejenige ausw\u00e4hlen k\u00f6nnen, die am besten zu Ihrem pers\u00f6nlichen Stil und Ihrer Einrichtung passt.    <\/p>\n<p>Diese handgefertigten Porzellanfiguren sind mehr als nur Dekoration &#8211; sie dr\u00fccken Ihre Liebe zu den vierbeinigen Freunden aus, die unser Leben bereichern. Sie eignen sich auch perfekt als Geschenk f\u00fcr Hunde- und Katzenliebhaber oder Sammler. Finden Sie die Figur, die am besten zu Ihnen passt.  <\/p>\n","protected":false},"featured_media":19834,"comment_status":"closed","ping_status":"closed","template":"","meta":[],"product_brand":[],"product_cat":[381,804,384,981,378],"product_tag":[420],"class_list":{"0":"post-20029","1":"product","2":"type-product","3":"status-publish","4":"has-post-thumbnail","6":"product_cat-accessoires-de","7":"product_cat-cat-dog","8":"product_cat-dekorative-objekte","9":"product_cat-dog","10":"product_cat-geschenke","11":"product_tag-andreas-kowalewski-de","12":"product_shipping_class-dhl-shipping-up-to-03-kg","14":"first","15":"instock","16":"taxable","17":"shipping-taxable","18":"purchasable","19":"product-type-simple"},"yoast_head":"<!-- This site is optimized with the Yoast SEO Premium plugin v27.6 (Yoast SEO v27.6) - https:\/\/yoast.com\/product\/yoast-seo-premium-wordpress\/ -->\n<title>Handgefertigte Porzellanfigur - Hund Sonne gelb von caussa<\/title>\n<meta name=\"description\" content=\"Entdecken Sie unsere handgefertigte Porzellanfigur einer Katze. Ideal f\u00fcr Katzenliebhaber und Sammler von edlem Dekor. Bestellen Sie jetzt und bereichern Sie Ihr Zuhause mit eleganter Katzenkunst!\" \/>\n<meta name=\"robots\" content=\"index, follow, max-snippet:-1, max-image-preview:large, max-video-preview:-1\" \/>\n<link rel=\"canonical\" href=\"https:\/\/caussa.de\/de\/produkt\/olifant-porzellan-seidengrau-kopie-kopie-kopie-kopie-kopie-kopie-kopie-kopie-kopie-kopie-kopie-kopie-kopie-kopie-kopie-kopie-kopie-kopie-kopie-kopie\/\" \/>\n<meta property=\"og:locale\" content=\"de_DE\" \/>\n<meta property=\"og:type\" content=\"article\" \/>\n<meta property=\"og:title\" content=\"Hund Sonne gelb\" \/>\n<meta property=\"og:description\" content=\"Entdecken Sie unsere handgefertigte Porzellanfigur einer Katze. Ideal f\u00fcr Katzenliebhaber und Sammler von edlem Dekor. Bestellen Sie jetzt und bereichern Sie Ihr Zuhause mit eleganter Katzenkunst!\" \/>\n<meta property=\"og:url\" content=\"https:\/\/caussa.de\/de\/produkt\/olifant-porzellan-seidengrau-kopie-kopie-kopie-kopie-kopie-kopie-kopie-kopie-kopie-kopie-kopie-kopie-kopie-kopie-kopie-kopie-kopie-kopie-kopie-kopie\/\" \/>\n<meta property=\"og:site_name\" content=\"caussa\" \/>\n<meta property=\"article:publisher\" content=\"https:\/\/de-de.facebook.com\/pg\/caussa\/\" \/>\n<meta property=\"article:modified_time\" content=\"2026-05-13T14:55:54+00:00\" \/>\n<meta property=\"og:image\" content=\"https:\/\/caussa.de\/wp-content\/uploads\/2024\/06\/Dog_SunYellow_01_Caussa.jpg\" \/>\n\t<meta property=\"og:image:width\" content=\"1300\" \/>\n\t<meta property=\"og:image:height\" content=\"923\" \/>\n\t<meta property=\"og:image:type\" content=\"image\/jpeg\" \/>\n<meta name=\"twitter:card\" content=\"summary_large_image\" \/>\n<meta name=\"twitter:label1\" content=\"Preis\" \/>\n\t<meta name=\"twitter:data1\" content=\"&euro;69,90\" \/>\n\t<meta name=\"twitter:label2\" content=\"Verf\u00fcgbarkeit\" \/>\n\t<meta name=\"twitter:data2\" content=\"Auf Lager\" \/>\n<script type=\"application\/ld+json\" class=\"yoast-schema-graph\">{\"@context\":\"https:\\\/\\\/schema.org\",\"@graph\":[{\"@type\":\"WebPage\",\"@id\":\"https:\\\/\\\/caussa.de\\\/de\\\/produkt\\\/olifant-porzellan-seidengrau-kopie-kopie-kopie-kopie-kopie-kopie-kopie-kopie-kopie-kopie-kopie-kopie-kopie-kopie-kopie-kopie-kopie-kopie-kopie-kopie\\\/\",\"url\":\"https:\\\/\\\/caussa.de\\\/de\\\/produkt\\\/olifant-porzellan-seidengrau-kopie-kopie-kopie-kopie-kopie-kopie-kopie-kopie-kopie-kopie-kopie-kopie-kopie-kopie-kopie-kopie-kopie-kopie-kopie-kopie\\\/\",\"name\":\"Handgefertigte Porzellanfigur - Hund Sonne gelb von caussa\",\"isPartOf\":{\"@id\":\"https:\\\/\\\/caussa.de\\\/de\\\/#website\"},\"primaryImageOfPage\":{\"@id\":\"https:\\\/\\\/caussa.de\\\/de\\\/produkt\\\/olifant-porzellan-seidengrau-kopie-kopie-kopie-kopie-kopie-kopie-kopie-kopie-kopie-kopie-kopie-kopie-kopie-kopie-kopie-kopie-kopie-kopie-kopie-kopie\\\/#primaryimage\"},\"image\":{\"@id\":\"https:\\\/\\\/caussa.de\\\/de\\\/produkt\\\/olifant-porzellan-seidengrau-kopie-kopie-kopie-kopie-kopie-kopie-kopie-kopie-kopie-kopie-kopie-kopie-kopie-kopie-kopie-kopie-kopie-kopie-kopie-kopie\\\/#primaryimage\"},\"thumbnailUrl\":\"https:\\\/\\\/caussa.de\\\/wp-content\\\/uploads\\\/2024\\\/06\\\/Dog_SunYellow_01_Caussa.jpg\",\"datePublished\":\"2026-05-13T14:55:53+00:00\",\"dateModified\":\"2026-05-13T14:55:54+00:00\",\"description\":\"Entdecken Sie unsere handgefertigte Porzellanfigur einer Katze. Ideal f\u00fcr Katzenliebhaber und Sammler von edlem Dekor. Bestellen Sie jetzt und bereichern Sie Ihr Zuhause mit eleganter Katzenkunst!\",\"breadcrumb\":{\"@id\":\"https:\\\/\\\/caussa.de\\\/de\\\/produkt\\\/olifant-porzellan-seidengrau-kopie-kopie-kopie-kopie-kopie-kopie-kopie-kopie-kopie-kopie-kopie-kopie-kopie-kopie-kopie-kopie-kopie-kopie-kopie-kopie\\\/#breadcrumb\"},\"inLanguage\":\"de\",\"potentialAction\":[{\"@type\":\"ReadAction\",\"target\":[\"https:\\\/\\\/caussa.de\\\/de\\\/produkt\\\/olifant-porzellan-seidengrau-kopie-kopie-kopie-kopie-kopie-kopie-kopie-kopie-kopie-kopie-kopie-kopie-kopie-kopie-kopie-kopie-kopie-kopie-kopie-kopie\\\/\"]}]},{\"@type\":\"ImageObject\",\"inLanguage\":\"de\",\"@id\":\"https:\\\/\\\/caussa.de\\\/de\\\/produkt\\\/olifant-porzellan-seidengrau-kopie-kopie-kopie-kopie-kopie-kopie-kopie-kopie-kopie-kopie-kopie-kopie-kopie-kopie-kopie-kopie-kopie-kopie-kopie-kopie\\\/#primaryimage\",\"url\":\"https:\\\/\\\/caussa.de\\\/wp-content\\\/uploads\\\/2024\\\/06\\\/Dog_SunYellow_01_Caussa.jpg\",\"contentUrl\":\"https:\\\/\\\/caussa.de\\\/wp-content\\\/uploads\\\/2024\\\/06\\\/Dog_SunYellow_01_Caussa.jpg\",\"width\":1300,\"height\":923},{\"@type\":\"BreadcrumbList\",\"@id\":\"https:\\\/\\\/caussa.de\\\/de\\\/produkt\\\/olifant-porzellan-seidengrau-kopie-kopie-kopie-kopie-kopie-kopie-kopie-kopie-kopie-kopie-kopie-kopie-kopie-kopie-kopie-kopie-kopie-kopie-kopie-kopie\\\/#breadcrumb\",\"itemListElement\":[{\"@type\":\"ListItem\",\"position\":1,\"name\":\"Startseite\",\"item\":\"https:\\\/\\\/caussa.de\\\/de\\\/\"},{\"@type\":\"ListItem\",\"position\":2,\"name\":\"Shop\",\"item\":\"https:\\\/\\\/caussa.de\\\/de\\\/shop\\\/\"},{\"@type\":\"ListItem\",\"position\":3,\"name\":\"Hund Sonne gelb\"}]},{\"@type\":\"WebSite\",\"@id\":\"https:\\\/\\\/caussa.de\\\/de\\\/#website\",\"url\":\"https:\\\/\\\/caussa.de\\\/de\\\/\",\"name\":\"caussa\",\"description\":\"Eine andere WordPress-Site.\",\"publisher\":{\"@id\":\"https:\\\/\\\/caussa.de\\\/de\\\/#organization\"},\"potentialAction\":[{\"@type\":\"SearchAction\",\"target\":{\"@type\":\"EntryPoint\",\"urlTemplate\":\"https:\\\/\\\/caussa.de\\\/de\\\/?s={search_term_string}\"},\"query-input\":{\"@type\":\"PropertyValueSpecification\",\"valueRequired\":true,\"valueName\":\"search_term_string\"}}],\"inLanguage\":\"de\"},{\"@type\":\"Organization\",\"@id\":\"https:\\\/\\\/caussa.de\\\/de\\\/#organization\",\"name\":\"caussa\",\"url\":\"https:\\\/\\\/caussa.de\\\/de\\\/\",\"logo\":{\"@type\":\"ImageObject\",\"inLanguage\":\"de\",\"@id\":\"https:\\\/\\\/caussa.de\\\/de\\\/#\\\/schema\\\/logo\\\/image\\\/\",\"url\":\"https:\\\/\\\/caussa.de\\\/wp-content\\\/uploads\\\/2021\\\/05\\\/CaussaLogo2021B.png\",\"contentUrl\":\"https:\\\/\\\/caussa.de\\\/wp-content\\\/uploads\\\/2021\\\/05\\\/CaussaLogo2021B.png\",\"width\":800,\"height\":274,\"caption\":\"caussa\"},\"image\":{\"@id\":\"https:\\\/\\\/caussa.de\\\/de\\\/#\\\/schema\\\/logo\\\/image\\\/\"},\"sameAs\":[\"https:\\\/\\\/de-de.facebook.com\\\/pg\\\/caussa\\\/\",\"https:\\\/\\\/www.instagram.com\\\/caussadesign\\\/\",\"https:\\\/\\\/www.linkedin.com\\\/company\\\/caussa\\\/\",\"https:\\\/\\\/www.pinterest.de\\\/caussafurniture\\\/\"]}]}<\/script>\n<meta property=\"product:price:amount\" content=\"69.90\" \/>\n<meta property=\"product:price:currency\" content=\"EUR\" \/>\n<meta property=\"og:availability\" content=\"instock\" \/>\n<meta property=\"product:availability\" content=\"instock\" \/>\n<meta property=\"product:retailer_item_id\" content=\"CA-010176\" \/>\n<meta property=\"product:condition\" content=\"new\" \/>\n<!-- \/ Yoast SEO Premium plugin. -->","yoast_head_json":{"title":"Handgefertigte Porzellanfigur - Hund Sonne gelb von caussa","description":"Entdecken Sie unsere handgefertigte Porzellanfigur einer Katze. Ideal f\u00fcr Katzenliebhaber und Sammler von edlem Dekor. Bestellen Sie jetzt und bereichern Sie Ihr Zuhause mit eleganter Katzenkunst!","robots":{"index":"index","follow":"follow","max-snippet":"max-snippet:-1","max-image-preview":"max-image-preview:large","max-video-preview":"max-video-preview:-1"},"canonical":"https:\/\/caussa.de\/de\/produkt\/olifant-porzellan-seidengrau-kopie-kopie-kopie-kopie-kopie-kopie-kopie-kopie-kopie-kopie-kopie-kopie-kopie-kopie-kopie-kopie-kopie-kopie-kopie-kopie\/","og_locale":"de_DE","og_type":"article","og_title":"Hund Sonne gelb","og_description":"Entdecken Sie unsere handgefertigte Porzellanfigur einer Katze. Ideal f\u00fcr Katzenliebhaber und Sammler von edlem Dekor. Bestellen Sie jetzt und bereichern Sie Ihr Zuhause mit eleganter Katzenkunst!","og_url":"https:\/\/caussa.de\/de\/produkt\/olifant-porzellan-seidengrau-kopie-kopie-kopie-kopie-kopie-kopie-kopie-kopie-kopie-kopie-kopie-kopie-kopie-kopie-kopie-kopie-kopie-kopie-kopie-kopie\/","og_site_name":"caussa","article_publisher":"https:\/\/de-de.facebook.com\/pg\/caussa\/","article_modified_time":"2026-05-13T14:55:54+00:00","og_image":[{"width":1300,"height":923,"url":"https:\/\/caussa.de\/wp-content\/uploads\/2024\/06\/Dog_SunYellow_01_Caussa.jpg","type":"image\/jpeg"}],"twitter_card":"summary_large_image","twitter_misc":{"Preis":"&euro;69,90","Verf\u00fcgbarkeit":"Auf Lager"},"schema":{"@context":"https:\/\/schema.org","@graph":[{"@type":"WebPage","@id":"https:\/\/caussa.de\/de\/produkt\/olifant-porzellan-seidengrau-kopie-kopie-kopie-kopie-kopie-kopie-kopie-kopie-kopie-kopie-kopie-kopie-kopie-kopie-kopie-kopie-kopie-kopie-kopie-kopie\/","url":"https:\/\/caussa.de\/de\/produkt\/olifant-porzellan-seidengrau-kopie-kopie-kopie-kopie-kopie-kopie-kopie-kopie-kopie-kopie-kopie-kopie-kopie-kopie-kopie-kopie-kopie-kopie-kopie-kopie\/","name":"Handgefertigte Porzellanfigur - Hund Sonne gelb von caussa","isPartOf":{"@id":"https:\/\/caussa.de\/de\/#website"},"primaryImageOfPage":{"@id":"https:\/\/caussa.de\/de\/produkt\/olifant-porzellan-seidengrau-kopie-kopie-kopie-kopie-kopie-kopie-kopie-kopie-kopie-kopie-kopie-kopie-kopie-kopie-kopie-kopie-kopie-kopie-kopie-kopie\/#primaryimage"},"image":{"@id":"https:\/\/caussa.de\/de\/produkt\/olifant-porzellan-seidengrau-kopie-kopie-kopie-kopie-kopie-kopie-kopie-kopie-kopie-kopie-kopie-kopie-kopie-kopie-kopie-kopie-kopie-kopie-kopie-kopie\/#primaryimage"},"thumbnailUrl":"https:\/\/caussa.de\/wp-content\/uploads\/2024\/06\/Dog_SunYellow_01_Caussa.jpg","datePublished":"2026-05-13T14:55:53+00:00","dateModified":"2026-05-13T14:55:54+00:00","description":"Entdecken Sie unsere handgefertigte Porzellanfigur einer Katze. Ideal f\u00fcr Katzenliebhaber und Sammler von edlem Dekor. Bestellen Sie jetzt und bereichern Sie Ihr Zuhause mit eleganter Katzenkunst!","breadcrumb":{"@id":"https:\/\/caussa.de\/de\/produkt\/olifant-porzellan-seidengrau-kopie-kopie-kopie-kopie-kopie-kopie-kopie-kopie-kopie-kopie-kopie-kopie-kopie-kopie-kopie-kopie-kopie-kopie-kopie-kopie\/#breadcrumb"},"inLanguage":"de","potentialAction":[{"@type":"ReadAction","target":["https:\/\/caussa.de\/de\/produkt\/olifant-porzellan-seidengrau-kopie-kopie-kopie-kopie-kopie-kopie-kopie-kopie-kopie-kopie-kopie-kopie-kopie-kopie-kopie-kopie-kopie-kopie-kopie-kopie\/"]}]},{"@type":"ImageObject","inLanguage":"de","@id":"https:\/\/caussa.de\/de\/produkt\/olifant-porzellan-seidengrau-kopie-kopie-kopie-kopie-kopie-kopie-kopie-kopie-kopie-kopie-kopie-kopie-kopie-kopie-kopie-kopie-kopie-kopie-kopie-kopie\/#primaryimage","url":"https:\/\/caussa.de\/wp-content\/uploads\/2024\/06\/Dog_SunYellow_01_Caussa.jpg","contentUrl":"https:\/\/caussa.de\/wp-content\/uploads\/2024\/06\/Dog_SunYellow_01_Caussa.jpg","width":1300,"height":923},{"@type":"BreadcrumbList","@id":"https:\/\/caussa.de\/de\/produkt\/olifant-porzellan-seidengrau-kopie-kopie-kopie-kopie-kopie-kopie-kopie-kopie-kopie-kopie-kopie-kopie-kopie-kopie-kopie-kopie-kopie-kopie-kopie-kopie\/#breadcrumb","itemListElement":[{"@type":"ListItem","position":1,"name":"Startseite","item":"https:\/\/caussa.de\/de\/"},{"@type":"ListItem","position":2,"name":"Shop","item":"https:\/\/caussa.de\/de\/shop\/"},{"@type":"ListItem","position":3,"name":"Hund Sonne gelb"}]},{"@type":"WebSite","@id":"https:\/\/caussa.de\/de\/#website","url":"https:\/\/caussa.de\/de\/","name":"caussa","description":"Eine andere WordPress-Site.","publisher":{"@id":"https:\/\/caussa.de\/de\/#organization"},"potentialAction":[{"@type":"SearchAction","target":{"@type":"EntryPoint","urlTemplate":"https:\/\/caussa.de\/de\/?s={search_term_string}"},"query-input":{"@type":"PropertyValueSpecification","valueRequired":true,"valueName":"search_term_string"}}],"inLanguage":"de"},{"@type":"Organization","@id":"https:\/\/caussa.de\/de\/#organization","name":"caussa","url":"https:\/\/caussa.de\/de\/","logo":{"@type":"ImageObject","inLanguage":"de","@id":"https:\/\/caussa.de\/de\/#\/schema\/logo\/image\/","url":"https:\/\/caussa.de\/wp-content\/uploads\/2021\/05\/CaussaLogo2021B.png","contentUrl":"https:\/\/caussa.de\/wp-content\/uploads\/2021\/05\/CaussaLogo2021B.png","width":800,"height":274,"caption":"caussa"},"image":{"@id":"https:\/\/caussa.de\/de\/#\/schema\/logo\/image\/"},"sameAs":["https:\/\/de-de.facebook.com\/pg\/caussa\/","https:\/\/www.instagram.com\/caussadesign\/","https:\/\/www.linkedin.com\/company\/caussa\/","https:\/\/www.pinterest.de\/caussafurniture\/"]}]},"product_price_amount":"69.90","product_price_currency":"EUR","og_availability":"instock","product_availability":"instock","product_retailer_item_id":"CA-010176","product_condition":"new"},"jetpack_sharing_enabled":true,"_links":{"self":[{"href":"https:\/\/caussa.de\/de\/wp-json\/wp\/v2\/product\/20029","targetHints":{"allow":["GET"]}}],"collection":[{"href":"https:\/\/caussa.de\/de\/wp-json\/wp\/v2\/product"}],"about":[{"href":"https:\/\/caussa.de\/de\/wp-json\/wp\/v2\/types\/product"}],"replies":[{"embeddable":true,"href":"https:\/\/caussa.de\/de\/wp-json\/wp\/v2\/comments?post=20029"}],"wp:featuredmedia":[{"embeddable":true,"href":"https:\/\/caussa.de\/de\/wp-json\/wp\/v2\/media\/19834"}],"wp:attachment":[{"href":"https:\/\/caussa.de\/de\/wp-json\/wp\/v2\/media?parent=20029"}],"wp:term":[{"taxonomy":"product_brand","embeddable":true,"href":"https:\/\/caussa.de\/de\/wp-json\/wp\/v2\/product_brand?post=20029"},{"taxonomy":"product_cat","embeddable":true,"href":"https:\/\/caussa.de\/de\/wp-json\/wp\/v2\/product_cat?post=20029"},{"taxonomy":"product_tag","embeddable":true,"href":"https:\/\/caussa.de\/de\/wp-json\/wp\/v2\/product_tag?post=20029"}],"curies":[{"name":"wp","href":"https:\/\/api.w.org\/{rel}","templated":true}]}}